{"id":830,"date":"2021-01-26T15:36:57","date_gmt":"2021-01-26T14:36:57","guid":{"rendered":"https:\/\/seamtex.at\/?page_id=830"},"modified":"2021-03-04T14:36:38","modified_gmt":"2021-03-04T13:36:38","slug":"bein-fussschutz","status":"publish","type":"page","link":"https:\/\/seamtex.at\/en\/bein-fussschutz\/","title":{"rendered":"Bein-\/Fu\u00dfschutz"},"content":{"rendered":"\t\t<div data-elementor-type=\"wp-page\" data-elementor-id=\"830\" class=\"elementor elementor-830\" data-elementor-post-type=\"page\">\n\t\t\t\t\t\t<section class=\"elementor-section elementor-top-section elementor-element elementor-element-30b69b0 elementor-section-boxed elementor-section-height-default elementor-section-height-default\" data-id=\"30b69b0\" data-element_type=\"section\" data-e-type=\"section\">\n\t\t\t\t\t\t<div class=\"elementor-container elementor-column-gap-default\">\n\t\t\t\t\t<div class=\"elementor-column elementor-col-66 elementor-top-column elementor-element elementor-element-53b73a6\" data-id=\"53b73a6\" data-element_type=\"column\" data-e-type=\"column\">\n\t\t\t<div class=\"elementor-widget-wrap elementor-element-populated\">\n\t\t\t\t\t\t<div class=\"elementor-element elementor-element-b5ea9ad elementor-widget elementor-widget-image\" data-id=\"b5ea9ad\" data-element_type=\"widget\" data-e-type=\"widget\" data-widget_type=\"image.default\">\n\t\t\t\t<div class=\"elementor-widget-container\">\n\t\t\t\t\t\t\t\t\t\t\t\t\t\t\t<img fetchpriority=\"high\" decoding=\"async\" width=\"768\" height=\"512\" src=\"https:\/\/seamtex.at\/wp-content\/uploads\/2020\/08\/seamtex_hitzeschutz_AdobeStock_80757881-768x512.jpg\" class=\"attachment-medium_large size-medium_large wp-image-296\" alt=\"seamtex_hitzeschutz_AdobeStock_80757881\" srcset=\"https:\/\/seamtex.at\/wp-content\/uploads\/2020\/08\/seamtex_hitzeschutz_AdobeStock_80757881-768x512.jpg 768w, https:\/\/seamtex.at\/wp-content\/uploads\/2020\/08\/seamtex_hitzeschutz_AdobeStock_80757881-scaled-1000x667.jpg 1000w, https:\/\/seamtex.at\/wp-content\/uploads\/2020\/08\/seamtex_hitzeschutz_AdobeStock_80757881-300x200.jpg 300w, https:\/\/seamtex.at\/wp-content\/uploads\/2020\/08\/seamtex_hitzeschutz_AdobeStock_80757881-1024x683.jpg 1024w, https:\/\/seamtex.at\/wp-content\/uploads\/2020\/08\/seamtex_hitzeschutz_AdobeStock_80757881-1536x1024.jpg 1536w, https:\/\/seamtex.at\/wp-content\/uploads\/2020\/08\/seamtex_hitzeschutz_AdobeStock_80757881-2048x1365.jpg 2048w, https:\/\/seamtex.at\/wp-content\/uploads\/2020\/08\/seamtex_hitzeschutz_AdobeStock_80757881-930x620.jpg 930w\" sizes=\"(max-width: 768px) 100vw, 768px\" \/>\t\t\t\t\t\t\t\t\t\t\t\t\t\t\t<\/div>\n\t\t\t\t<\/div>\n\t\t\t\t\t<\/div>\n\t\t<\/div>\n\t\t\t\t<div class=\"elementor-column elementor-col-33 elementor-top-column elementor-element elementor-element-307418a\" data-id=\"307418a\" data-element_type=\"column\" data-e-type=\"column\">\n\t\t\t<div class=\"elementor-widget-wrap elementor-element-populated\">\n\t\t\t\t\t\t<div class=\"elementor-element elementor-element-38d5d3a elementor-nav-menu--dropdown-tablet elementor-nav-menu__text-align-aside elementor-nav-menu--toggle elementor-nav-menu--burger elementor-widget elementor-widget-nav-menu\" data-id=\"38d5d3a\" data-element_type=\"widget\" data-e-type=\"widget\" data-settings=\"{&quot;layout&quot;:&quot;vertical&quot;,&quot;submenu_icon&quot;:{&quot;value&quot;:&quot;&lt;i class=\\&quot;fas fa-caret-down\\&quot; aria-hidden=\\&quot;true\\&quot;&gt;&lt;\\\/i&gt;&quot;,&quot;library&quot;:&quot;fa-solid&quot;},&quot;toggle&quot;:&quot;burger&quot;}\" data-widget_type=\"nav-menu.default\">\n\t\t\t\t<div class=\"elementor-widget-container\">\n\t\t\t\t\t\t\t\t<nav aria-label=\"Menu\" class=\"elementor-nav-menu--main elementor-nav-menu__container elementor-nav-menu--layout-vertical e--pointer-underline e--animation-fade\">\n\t\t\t\t<ul id=\"menu-1-38d5d3a\" class=\"elementor-nav-menu sm-vertical\"><li class=\"menu-item menu-item-type-post_type menu-item-object-page menu-item-880\"><a href=\"https:\/\/seamtex.at\/en\/arbeitskleidung\/\" class=\"elementor-item\">Arbeitskleidung<\/a><\/li>\n<li class=\"menu-item menu-item-type-post_type menu-item-object-page menu-item-776\"><a href=\"https:\/\/seamtex.at\/en\/kopfschutz\/\" class=\"elementor-item\">Kopfschutz<\/a><\/li>\n<li class=\"menu-item menu-item-type-post_type menu-item-object-page menu-item-775\"><a href=\"https:\/\/seamtex.at\/en\/oberkoerperschutz\/\" class=\"elementor-item\">Oberk\u00f6rperschutz<\/a><\/li>\n<li class=\"menu-item menu-item-type-post_type menu-item-object-page menu-item-801\"><a href=\"https:\/\/seamtex.at\/en\/aermelschutz\/\" class=\"elementor-item\">\u00c4rmelschutz<\/a><\/li>\n<li class=\"menu-item menu-item-type-post_type menu-item-object-page menu-item-814\"><a href=\"https:\/\/seamtex.at\/en\/handschutz\/\" class=\"elementor-item\">Handschutz<\/a><\/li>\n<li class=\"menu-item menu-item-type-post_type menu-item-object-page menu-item-832\"><a href=\"https:\/\/seamtex.at\/en\/bein-fussschutz\/\" class=\"elementor-item\">Bein-\/Fu\u00dfschutz<\/a><\/li>\n<li class=\"menu-item menu-item-type-post_type menu-item-object-page menu-item-874\"><a href=\"https:\/\/seamtex.at\/en\/verschluesse\/\" class=\"elementor-item\">Verschl\u00fcsse<\/a><\/li>\n<\/ul>\t\t\t<\/nav>\n\t\t\t\t\t<div class=\"elementor-menu-toggle\" role=\"button\" tabindex=\"0\" aria-label=\"Menu Toggle\" aria-expanded=\"false\">\n\t\t\t<i aria-hidden=\"true\" role=\"presentation\" class=\"elementor-menu-toggle__icon--open eicon-menu-bar\"><\/i><i aria-hidden=\"true\" role=\"presentation\" class=\"elementor-menu-toggle__icon--close eicon-close\"><\/i>\t\t<\/div>\n\t\t\t\t\t<nav class=\"elementor-nav-menu--dropdown elementor-nav-menu__container\" aria-hidden=\"true\">\n\t\t\t\t<ul id=\"menu-2-38d5d3a\" class=\"elementor-nav-menu sm-vertical\"><li class=\"menu-item menu-item-type-post_type menu-item-object-page menu-item-880\"><a href=\"https:\/\/seamtex.at\/en\/arbeitskleidung\/\" class=\"elementor-item\" tabindex=\"-1\">Arbeitskleidung<\/a><\/li>\n<li class=\"menu-item menu-item-type-post_type menu-item-object-page menu-item-776\"><a href=\"https:\/\/seamtex.at\/en\/kopfschutz\/\" class=\"elementor-item\" tabindex=\"-1\">Kopfschutz<\/a><\/li>\n<li class=\"menu-item menu-item-type-post_type menu-item-object-page menu-item-775\"><a href=\"https:\/\/seamtex.at\/en\/oberkoerperschutz\/\" class=\"elementor-item\" tabindex=\"-1\">Oberk\u00f6rperschutz<\/a><\/li>\n<li class=\"menu-item menu-item-type-post_type menu-item-object-page menu-item-801\"><a href=\"https:\/\/seamtex.at\/en\/aermelschutz\/\" class=\"elementor-item\" tabindex=\"-1\">\u00c4rmelschutz<\/a><\/li>\n<li class=\"menu-item menu-item-type-post_type menu-item-object-page menu-item-814\"><a href=\"https:\/\/seamtex.at\/en\/handschutz\/\" class=\"elementor-item\" tabindex=\"-1\">Handschutz<\/a><\/li>\n<li class=\"menu-item menu-item-type-post_type menu-item-object-page menu-item-832\"><a href=\"https:\/\/seamtex.at\/en\/bein-fussschutz\/\" class=\"elementor-item\" tabindex=\"-1\">Bein-\/Fu\u00dfschutz<\/a><\/li>\n<li class=\"menu-item menu-item-type-post_type menu-item-object-page menu-item-874\"><a href=\"https:\/\/seamtex.at\/en\/verschluesse\/\" class=\"elementor-item\" tabindex=\"-1\">Verschl\u00fcsse<\/a><\/li>\n<\/ul>\t\t\t<\/nav>\n\t\t\t\t\t\t<\/div>\n\t\t\t\t<\/div>\n\t\t\t\t\t<\/div>\n\t\t<\/div>\n\t\t\t\t\t<\/div>\n\t\t<\/section>\n\t\t\t\t<section class=\"elementor-section elementor-top-section elementor-element elementor-element-79dec21 elementor-section-boxed elementor-section-height-default elementor-section-height-default\" data-id=\"79dec21\" data-element_type=\"section\" data-e-type=\"section\">\n\t\t\t\t\t\t<div class=\"elementor-container elementor-column-gap-default\">\n\t\t\t\t\t<div class=\"elementor-column elementor-col-100 elementor-top-column elementor-element elementor-element-1ca0a51\" data-id=\"1ca0a51\" data-element_type=\"column\" data-e-type=\"column\">\n\t\t\t<div class=\"elementor-widget-wrap\">\n\t\t\t\t\t\t\t<\/div>\n\t\t<\/div>\n\t\t\t\t\t<\/div>\n\t\t<\/section>\n\t\t\t\t<section class=\"elementor-section elementor-top-section elementor-element elementor-element-3e8cafb elementor-section-boxed elementor-section-height-default elementor-section-height-default\" data-id=\"3e8cafb\" data-element_type=\"section\" data-e-type=\"section\">\n\t\t\t\t\t\t<div class=\"elementor-container elementor-column-gap-default\">\n\t\t\t\t\t<div class=\"elementor-column elementor-col-100 elementor-top-column elementor-element elementor-element-d4f0816\" data-id=\"d4f0816\" data-element_type=\"column\" data-e-type=\"column\">\n\t\t\t<div class=\"elementor-widget-wrap elementor-element-populated\">\n\t\t\t\t\t\t<div class=\"elementor-element elementor-element-e917ea0 elementor-align-justify elementor-widget elementor-widget-button\" data-id=\"e917ea0\" data-element_type=\"widget\" data-e-type=\"widget\" data-widget_type=\"button.default\">\n\t\t\t\t<div class=\"elementor-widget-container\">\n\t\t\t\t\t\t\t\t\t<div class=\"elementor-button-wrapper\">\n\t\t\t\t\t<a class=\"elementor-button elementor-button-link elementor-size-sm\" href=\"https:\/\/seamtex.at\/hitzeschutzkleidung\/\">\n\t\t\t\t\t\t<span class=\"elementor-button-content-wrapper\">\n\t\t\t\t\t\t\t\t\t<span class=\"elementor-button-text\">HITZESCHUTZKLEIDUNG \u00dcBERSICHT<\/span>\n\t\t\t\t\t<\/span>\n\t\t\t\t\t<\/a>\n\t\t\t\t<\/div>\n\t\t\t\t\t\t\t\t<\/div>\n\t\t\t\t<\/div>\n\t\t\t\t\t<\/div>\n\t\t<\/div>\n\t\t\t\t\t<\/div>\n\t\t<\/section>\n\t\t\t\t<section class=\"elementor-section elementor-top-section elementor-element elementor-element-5092c13 elementor-section-boxed elementor-section-height-default elementor-section-height-default\" data-id=\"5092c13\" data-element_type=\"section\" data-e-type=\"section\">\n\t\t\t\t\t\t<div class=\"elementor-container elementor-column-gap-default\">\n\t\t\t\t\t<div class=\"elementor-column elementor-col-100 elementor-top-column elementor-element elementor-element-8f69458\" data-id=\"8f69458\" data-element_type=\"column\" data-e-type=\"column\">\n\t\t\t<div class=\"elementor-widget-wrap elementor-element-populated\">\n\t\t\t\t\t\t<div class=\"elementor-element elementor-element-045947b elementor-tabs-view-vertical elementor-widget elementor-widget-tabs\" data-id=\"045947b\" data-element_type=\"widget\" data-e-type=\"widget\" data-widget_type=\"tabs.default\">\n\t\t\t\t<div class=\"elementor-widget-container\">\n\t\t\t\t\t\t\t<div class=\"elementor-tabs\">\n\t\t\t<div class=\"elementor-tabs-wrapper\" role=\"tablist\" >\n\t\t\t\t\t\t\t\t\t<div id=\"elementor-tab-title-4551\" class=\"elementor-tab-title elementor-tab-desktop-title\" aria-selected=\"true\" data-tab=\"1\" role=\"tab\" tabindex=\"0\" aria-controls=\"elementor-tab-content-4551\" aria-expanded=\"false\">Hitzeschutzhosen<\/div>\n\t\t\t\t\t\t\t\t\t<div id=\"elementor-tab-title-4552\" class=\"elementor-tab-title elementor-tab-desktop-title\" aria-selected=\"false\" data-tab=\"2\" role=\"tab\" tabindex=\"-1\" aria-controls=\"elementor-tab-content-4552\" aria-expanded=\"false\">Hitzeschutzgamasche<\/div>\n\t\t\t\t\t\t\t\t\t<div id=\"elementor-tab-title-4553\" class=\"elementor-tab-title elementor-tab-desktop-title\" aria-selected=\"false\" data-tab=\"3\" role=\"tab\" tabindex=\"-1\" aria-controls=\"elementor-tab-content-4553\" aria-expanded=\"false\">H\u00fcftschurz<\/div>\n\t\t\t\t\t\t\t\t\t<div id=\"elementor-tab-title-4554\" class=\"elementor-tab-title elementor-tab-desktop-title\" aria-selected=\"false\" data-tab=\"4\" role=\"tab\" tabindex=\"-1\" aria-controls=\"elementor-tab-content-4554\" aria-expanded=\"false\">Schweisserstiefel<\/div>\n\t\t\t\t\t\t\t<\/div>\n\t\t\t<div class=\"elementor-tabs-content-wrapper\" role=\"tablist\" aria-orientation=\"vertical\">\n\t\t\t\t\t\t\t\t\t<div class=\"elementor-tab-title elementor-tab-mobile-title\" aria-selected=\"true\" data-tab=\"1\" role=\"tab\" tabindex=\"0\" aria-controls=\"elementor-tab-content-4551\" aria-expanded=\"false\">Hitzeschutzhosen<\/div>\n\t\t\t\t\t<div id=\"elementor-tab-content-4551\" class=\"elementor-tab-content elementor-clearfix\" data-tab=\"1\" role=\"tabpanel\" aria-labelledby=\"elementor-tab-title-4551\" tabindex=\"0\" hidden=\"false\"><header><h1 class=\"title\">Hitzeschutzhose &#8211; ohne Hosenschlitz<\/h1><\/header><div class=\"content clearfix\"><h4>UNGEF\u00dcTTERTE HOSE<\/h4><p>\u00bb angen\u00e4hte Hosentr\u00e4ger mit Gummizwischenst\u00fccken<br \/>\u00bb Tr\u00e4ger mittels Metallklappschnalle verstellbar<\/p><h2>MODELL-VARIANTE mit<\/h2><h4>KOPFSCHUTZ<\/h4><p>\u00bb Helm (hitzebest\u00e4ndig) mit Aufsatz f\u00fcr Schwenkb\u00fcgel<br \/>\u00bb Hitzeschleier mit Glashalterung (50 x 25 cm)<br \/>aus verzinktem Drahtgewebe<br \/>\u00bb eingearbeiteter Metallrahmen zur Aufnahme<br \/>von Schutzgl\u00e4sern (12 x 6 cm)<\/p><h4>VORSATZGLAS<\/h4><p>\u00bb flach, 12 x 6 cm<br \/>\u00bb splitterfrei<\/p><h4>HITZESCHUTZHOSE<\/h4><p>\u00bb ohne Hosenschlitz<\/p><h4>HANDSCHUHE<\/h4><p>\u00bb Fausthandschuh Kevlar, 33 cm<\/p><header><h1 class=\"title\">Hitzeschutzhose &#8211; Hosenschlitz mit verdecktem Reissverschluss<\/h1><\/header><div class=\"content clearfix\"><h2>MODELL-VARIANTE mit<\/h2><h4><br \/>KOPFSCHUTZ<\/h4><p>\u00bb Helm (hitzebest\u00e4ndig) mit Bochumer Brille (24 x 13 cm)<br \/>aus verzinktem Drahtgewebe<br \/>\u00bb mit Halterung f\u00fcr Schutzglas<\/p><h4><br \/>VORSATZGLAS<\/h4><p>\u00bb flach, 12 x 6 cm<br \/>\u00bb splitterfrei\u00a0<\/p><h4><br \/>HITZESCHUTZHOSE<\/h4><p>\u00bb mit verdecktem Rei\u00dfverschluss<\/p><\/div><\/div><\/div>\n\t\t\t\t\t\t\t\t\t<div class=\"elementor-tab-title elementor-tab-mobile-title\" aria-selected=\"false\" data-tab=\"2\" role=\"tab\" tabindex=\"-1\" aria-controls=\"elementor-tab-content-4552\" aria-expanded=\"false\">Hitzeschutzgamasche<\/div>\n\t\t\t\t\t<div id=\"elementor-tab-content-4552\" class=\"elementor-tab-content elementor-clearfix\" data-tab=\"2\" role=\"tabpanel\" aria-labelledby=\"elementor-tab-title-4552\" tabindex=\"0\" hidden=\"hidden\"><header><h1 class=\"title\">Hitzeschutzgamasche mit DK-Verschluss<\/h1><\/header><div class=\"content clearfix\"><p>\u00bb ungef\u00fctterte Gamasche<br \/>\u00bb Weitenverstellung mit Druckkn\u00f6pfen<br \/>\u00bb Versteifung im Schaft<br \/>\u00bb H\u00f6he ca. 40 cm<\/p><p>Art.-Nr. HGA-[Material]-40DK<\/p><\/div><\/div>\n\t\t\t\t\t\t\t\t\t<div class=\"elementor-tab-title elementor-tab-mobile-title\" aria-selected=\"false\" data-tab=\"3\" role=\"tab\" tabindex=\"-1\" aria-controls=\"elementor-tab-content-4553\" aria-expanded=\"false\">H\u00fcftschurz<\/div>\n\t\t\t\t\t<div id=\"elementor-tab-content-4553\" class=\"elementor-tab-content elementor-clearfix\" data-tab=\"3\" role=\"tabpanel\" aria-labelledby=\"elementor-tab-title-4553\" tabindex=\"0\" hidden=\"hidden\"><p>\u00bb ungef\u00fctterte H\u00fcftsch\u00fcrze<br \/>\u00bb Standardl\u00e4nge 100 cm<br \/>\u00bb ca. 80 cm breit<br \/>\u00bb Bindeb\u00e4nder aus flammhemmendem Gewebeband<\/p><p>Art.-Nr. HHS-[Material]-100<\/p><\/div>\n\t\t\t\t\t\t\t\t\t<div class=\"elementor-tab-title elementor-tab-mobile-title\" aria-selected=\"false\" data-tab=\"4\" role=\"tab\" tabindex=\"-1\" aria-controls=\"elementor-tab-content-4554\" aria-expanded=\"false\">Schweisserstiefel<\/div>\n\t\t\t\t\t<div id=\"elementor-tab-content-4554\" class=\"elementor-tab-content elementor-clearfix\" data-tab=\"4\" role=\"tabpanel\" aria-labelledby=\"elementor-tab-title-4554\" tabindex=\"0\" hidden=\"hidden\"><p>\u00bb Schaft aus genarbtem Rind-Vollleder<br \/>\u00bb N\u00e4hte aus hitzebest\u00e4ndigem Kevlar Material<br \/>\u00bb angen\u00e4hte Staublasche aus Leder<br \/>\u00bb Schnellverschluss mit Schnalle<br \/>\u00bb korrosionsfreie Stahlkappe und Stahlzwischensohle<br \/>\u00bb PU-Nitril Sohle (antistatisch, \u00f6lbest\u00e4ndig,<br \/>rutschhemmend, hitzebest\u00e4ndig bis 300 \u00b0C)<\/p><p>Art.-Nr. HSTIEFEL<br \/>EN ISO 20345 S3 HRO<\/p><\/div>\n\t\t\t\t\t\t\t<\/div>\n\t\t<\/div>\n\t\t\t\t\t\t<\/div>\n\t\t\t\t<\/div>\n\t\t\t\t\t<\/div>\n\t\t<\/div>\n\t\t\t\t\t<\/div>\n\t\t<\/section>\n\t\t\t\t<\/div>\n\t\t","protected":false},"excerpt":{"rendered":"<p>HITZESCHUTZKLEIDUNG \u00dcBERSICHT Hitzeschutzhosen Hitzeschutzgamasche H\u00fcftschurz Schweisserstiefel Hitzeschutzhosen Hitzeschutzhose &#8211; ohne Hosenschlitz UNGEF\u00dcTTERTE HOSE \u00bb angen\u00e4hte Hosentr\u00e4ger mit Gummizwischenst\u00fccken\u00bb Tr\u00e4ger mittels Metallklappschnalle verstellbar MODELL-VARIANTE mit KOPFSCHUTZ \u00bb Helm (hitzebest\u00e4ndig) mit Aufsatz f\u00fcr Schwenkb\u00fcgel\u00bb Hitzeschleier mit Glashalterung (50 x 25 cm)aus verzinktem Drahtgewebe\u00bb eingearbeiteter Metallrahmen zur Aufnahmevon Schutzgl\u00e4sern (12 x 6 cm) VORSATZGLAS \u00bb flach, 12 x&hellip;&nbsp;<a href=\"https:\/\/seamtex.at\/en\/bein-fussschutz\/\" rel=\"bookmark\">Read More &raquo;<span class=\"screen-reader-text\">Bein-\/Fu\u00dfschutz<\/span><\/a><\/p>","protected":false},"author":1,"featured_media":0,"parent":0,"menu_order":0,"comment_status":"closed","ping_status":"closed","template":"","meta":{"neve_meta_sidebar":"full-width","neve_meta_container":"","neve_meta_enable_content_width":"on","neve_meta_content_width":100,"neve_meta_title_alignment":"","neve_meta_author_avatar":"","neve_post_elements_order":"","neve_meta_disable_header":"","neve_meta_disable_footer":"","neve_meta_disable_title":"","neve_meta_reading_time":"","footnotes":""},"class_list":["post-830","page","type-page","status-publish","hentry"],"yoast_head":"<!-- This site is optimized with the Yoast SEO plugin v27.3 - https:\/\/yoast.com\/product\/yoast-seo-wordpress\/ -->\n<title>Bein-\/Fu\u00dfschutz - seamtex<\/title>\n<meta name=\"robots\" content=\"index, follow, max-snippet:-1, max-image-preview:large, max-video-preview:-1\" \/>\n<link rel=\"canonical\" href=\"https:\/\/seamtex.at\/en\/bein-fussschutz\/\" \/>\n<meta property=\"og:locale\" content=\"en_GB\" \/>\n<meta property=\"og:type\" content=\"article\" \/>\n<meta property=\"og:title\" content=\"Bein-\/Fu\u00dfschutz - seamtex\" \/>\n<meta property=\"og:description\" content=\"HITZESCHUTZKLEIDUNG \u00dcBERSICHT Hitzeschutzhosen Hitzeschutzgamasche H\u00fcftschurz Schweisserstiefel Hitzeschutzhosen Hitzeschutzhose &#8211; ohne Hosenschlitz UNGEF\u00dcTTERTE HOSE \u00bb angen\u00e4hte Hosentr\u00e4ger mit Gummizwischenst\u00fccken\u00bb Tr\u00e4ger mittels Metallklappschnalle verstellbar MODELL-VARIANTE mit KOPFSCHUTZ \u00bb Helm (hitzebest\u00e4ndig) mit Aufsatz f\u00fcr Schwenkb\u00fcgel\u00bb Hitzeschleier mit Glashalterung (50 x 25 cm)aus verzinktem Drahtgewebe\u00bb eingearbeiteter Metallrahmen zur Aufnahmevon Schutzgl\u00e4sern (12 x 6 cm) VORSATZGLAS \u00bb flach, 12 x&hellip;&nbsp;Read More &raquo;Bein-\/Fu\u00dfschutz\" \/>\n<meta property=\"og:url\" content=\"https:\/\/seamtex.at\/en\/bein-fussschutz\/\" \/>\n<meta property=\"og:site_name\" content=\"seamtex\" \/>\n<meta property=\"article:modified_time\" content=\"2021-03-04T13:36:38+00:00\" \/>\n<meta property=\"og:image\" content=\"https:\/\/seamtex.at\/wp-content\/uploads\/2020\/08\/seamtex_hitzeschutz_AdobeStock_80757881-768x512.jpg\" \/>\n<meta name=\"twitter:card\" content=\"summary_large_image\" \/>\n<meta name=\"twitter:label1\" content=\"Estimated reading time\" \/>\n\t<meta name=\"twitter:data1\" content=\"2 minutes\" \/>\n<script type=\"application\/ld+json\" class=\"yoast-schema-graph\">{\"@context\":\"https:\\\/\\\/schema.org\",\"@graph\":[{\"@type\":\"WebPage\",\"@id\":\"https:\\\/\\\/seamtex.at\\\/bein-fussschutz\\\/\",\"url\":\"https:\\\/\\\/seamtex.at\\\/bein-fussschutz\\\/\",\"name\":\"Bein-\\\/Fu\u00dfschutz - seamtex\",\"isPartOf\":{\"@id\":\"https:\\\/\\\/seamtex.at\\\/#website\"},\"primaryImageOfPage\":{\"@id\":\"https:\\\/\\\/seamtex.at\\\/bein-fussschutz\\\/#primaryimage\"},\"image\":{\"@id\":\"https:\\\/\\\/seamtex.at\\\/bein-fussschutz\\\/#primaryimage\"},\"thumbnailUrl\":\"https:\\\/\\\/seamtex.at\\\/wp-content\\\/uploads\\\/2020\\\/08\\\/seamtex_hitzeschutz_AdobeStock_80757881-768x512.jpg\",\"datePublished\":\"2021-01-26T14:36:57+00:00\",\"dateModified\":\"2021-03-04T13:36:38+00:00\",\"breadcrumb\":{\"@id\":\"https:\\\/\\\/seamtex.at\\\/bein-fussschutz\\\/#breadcrumb\"},\"inLanguage\":\"en-GB\",\"potentialAction\":[{\"@type\":\"ReadAction\",\"target\":[\"https:\\\/\\\/seamtex.at\\\/bein-fussschutz\\\/\"]}]},{\"@type\":\"ImageObject\",\"inLanguage\":\"en-GB\",\"@id\":\"https:\\\/\\\/seamtex.at\\\/bein-fussschutz\\\/#primaryimage\",\"url\":\"https:\\\/\\\/seamtex.at\\\/wp-content\\\/uploads\\\/2020\\\/08\\\/seamtex_hitzeschutz_AdobeStock_80757881-768x512.jpg\",\"contentUrl\":\"https:\\\/\\\/seamtex.at\\\/wp-content\\\/uploads\\\/2020\\\/08\\\/seamtex_hitzeschutz_AdobeStock_80757881-768x512.jpg\"},{\"@type\":\"BreadcrumbList\",\"@id\":\"https:\\\/\\\/seamtex.at\\\/bein-fussschutz\\\/#breadcrumb\",\"itemListElement\":[{\"@type\":\"ListItem\",\"position\":1,\"name\":\"Startseite\",\"item\":\"https:\\\/\\\/seamtex.at\\\/\"},{\"@type\":\"ListItem\",\"position\":2,\"name\":\"Bein-\\\/Fu\u00dfschutz\"}]},{\"@type\":\"WebSite\",\"@id\":\"https:\\\/\\\/seamtex.at\\\/#website\",\"url\":\"https:\\\/\\\/seamtex.at\\\/\",\"name\":\"seamtex\",\"description\":\"your protective clothing\",\"publisher\":{\"@id\":\"https:\\\/\\\/seamtex.at\\\/#organization\"},\"potentialAction\":[{\"@type\":\"SearchAction\",\"target\":{\"@type\":\"EntryPoint\",\"urlTemplate\":\"https:\\\/\\\/seamtex.at\\\/?s={search_term_string}\"},\"query-input\":{\"@type\":\"PropertyValueSpecification\",\"valueRequired\":true,\"valueName\":\"search_term_string\"}}],\"inLanguage\":\"en-GB\"},{\"@type\":\"Organization\",\"@id\":\"https:\\\/\\\/seamtex.at\\\/#organization\",\"name\":\"seamtex\",\"url\":\"https:\\\/\\\/seamtex.at\\\/\",\"logo\":{\"@type\":\"ImageObject\",\"inLanguage\":\"en-GB\",\"@id\":\"https:\\\/\\\/seamtex.at\\\/#\\\/schema\\\/logo\\\/image\\\/\",\"url\":\"https:\\\/\\\/seamtex.at\\\/wp-content\\\/uploads\\\/2020\\\/09\\\/seamTEX-200827_4C_small_RGB.png\",\"contentUrl\":\"https:\\\/\\\/seamtex.at\\\/wp-content\\\/uploads\\\/2020\\\/09\\\/seamTEX-200827_4C_small_RGB.png\",\"width\":1445,\"height\":343,\"caption\":\"seamtex\"},\"image\":{\"@id\":\"https:\\\/\\\/seamtex.at\\\/#\\\/schema\\\/logo\\\/image\\\/\"}}]}<\/script>\n<!-- \/ Yoast SEO plugin. -->","yoast_head_json":{"title":"Bein-\/Fu\u00dfschutz - seamtex","robots":{"index":"index","follow":"follow","max-snippet":"max-snippet:-1","max-image-preview":"max-image-preview:large","max-video-preview":"max-video-preview:-1"},"canonical":"https:\/\/seamtex.at\/en\/bein-fussschutz\/","og_locale":"en_GB","og_type":"article","og_title":"Bein-\/Fu\u00dfschutz - seamtex","og_description":"HITZESCHUTZKLEIDUNG \u00dcBERSICHT Hitzeschutzhosen Hitzeschutzgamasche H\u00fcftschurz Schweisserstiefel Hitzeschutzhosen Hitzeschutzhose &#8211; ohne Hosenschlitz UNGEF\u00dcTTERTE HOSE \u00bb angen\u00e4hte Hosentr\u00e4ger mit Gummizwischenst\u00fccken\u00bb Tr\u00e4ger mittels Metallklappschnalle verstellbar MODELL-VARIANTE mit KOPFSCHUTZ \u00bb Helm (hitzebest\u00e4ndig) mit Aufsatz f\u00fcr Schwenkb\u00fcgel\u00bb Hitzeschleier mit Glashalterung (50 x 25 cm)aus verzinktem Drahtgewebe\u00bb eingearbeiteter Metallrahmen zur Aufnahmevon Schutzgl\u00e4sern (12 x 6 cm) VORSATZGLAS \u00bb flach, 12 x&hellip;&nbsp;Read More &raquo;Bein-\/Fu\u00dfschutz","og_url":"https:\/\/seamtex.at\/en\/bein-fussschutz\/","og_site_name":"seamtex","article_modified_time":"2021-03-04T13:36:38+00:00","og_image":[{"url":"https:\/\/seamtex.at\/wp-content\/uploads\/2020\/08\/seamtex_hitzeschutz_AdobeStock_80757881-768x512.jpg","type":"","width":"","height":""}],"twitter_card":"summary_large_image","twitter_misc":{"Estimated reading time":"2 minutes"},"schema":{"@context":"https:\/\/schema.org","@graph":[{"@type":"WebPage","@id":"https:\/\/seamtex.at\/bein-fussschutz\/","url":"https:\/\/seamtex.at\/bein-fussschutz\/","name":"Bein-\/Fu\u00dfschutz - seamtex","isPartOf":{"@id":"https:\/\/seamtex.at\/#website"},"primaryImageOfPage":{"@id":"https:\/\/seamtex.at\/bein-fussschutz\/#primaryimage"},"image":{"@id":"https:\/\/seamtex.at\/bein-fussschutz\/#primaryimage"},"thumbnailUrl":"https:\/\/seamtex.at\/wp-content\/uploads\/2020\/08\/seamtex_hitzeschutz_AdobeStock_80757881-768x512.jpg","datePublished":"2021-01-26T14:36:57+00:00","dateModified":"2021-03-04T13:36:38+00:00","breadcrumb":{"@id":"https:\/\/seamtex.at\/bein-fussschutz\/#breadcrumb"},"inLanguage":"en-GB","potentialAction":[{"@type":"ReadAction","target":["https:\/\/seamtex.at\/bein-fussschutz\/"]}]},{"@type":"ImageObject","inLanguage":"en-GB","@id":"https:\/\/seamtex.at\/bein-fussschutz\/#primaryimage","url":"https:\/\/seamtex.at\/wp-content\/uploads\/2020\/08\/seamtex_hitzeschutz_AdobeStock_80757881-768x512.jpg","contentUrl":"https:\/\/seamtex.at\/wp-content\/uploads\/2020\/08\/seamtex_hitzeschutz_AdobeStock_80757881-768x512.jpg"},{"@type":"BreadcrumbList","@id":"https:\/\/seamtex.at\/bein-fussschutz\/#breadcrumb","itemListElement":[{"@type":"ListItem","position":1,"name":"Startseite","item":"https:\/\/seamtex.at\/"},{"@type":"ListItem","position":2,"name":"Bein-\/Fu\u00dfschutz"}]},{"@type":"WebSite","@id":"https:\/\/seamtex.at\/#website","url":"https:\/\/seamtex.at\/","name":"seamtex","description":"your protective clothing","publisher":{"@id":"https:\/\/seamtex.at\/#organization"},"potentialAction":[{"@type":"SearchAction","target":{"@type":"EntryPoint","urlTemplate":"https:\/\/seamtex.at\/?s={search_term_string}"},"query-input":{"@type":"PropertyValueSpecification","valueRequired":true,"valueName":"search_term_string"}}],"inLanguage":"en-GB"},{"@type":"Organization","@id":"https:\/\/seamtex.at\/#organization","name":"seamtex","url":"https:\/\/seamtex.at\/","logo":{"@type":"ImageObject","inLanguage":"en-GB","@id":"https:\/\/seamtex.at\/#\/schema\/logo\/image\/","url":"https:\/\/seamtex.at\/wp-content\/uploads\/2020\/09\/seamTEX-200827_4C_small_RGB.png","contentUrl":"https:\/\/seamtex.at\/wp-content\/uploads\/2020\/09\/seamTEX-200827_4C_small_RGB.png","width":1445,"height":343,"caption":"seamtex"},"image":{"@id":"https:\/\/seamtex.at\/#\/schema\/logo\/image\/"}}]}},"_links":{"self":[{"href":"https:\/\/seamtex.at\/en\/wp-json\/wp\/v2\/pages\/830","targetHints":{"allow":["GET"]}}],"collection":[{"href":"https:\/\/seamtex.at\/en\/wp-json\/wp\/v2\/pages"}],"about":[{"href":"https:\/\/seamtex.at\/en\/wp-json\/wp\/v2\/types\/page"}],"author":[{"embeddable":true,"href":"https:\/\/seamtex.at\/en\/wp-json\/wp\/v2\/users\/1"}],"replies":[{"embeddable":true,"href":"https:\/\/seamtex.at\/en\/wp-json\/wp\/v2\/comments?post=830"}],"version-history":[{"count":25,"href":"https:\/\/seamtex.at\/en\/wp-json\/wp\/v2\/pages\/830\/revisions"}],"predecessor-version":[{"id":1408,"href":"https:\/\/seamtex.at\/en\/wp-json\/wp\/v2\/pages\/830\/revisions\/1408"}],"wp:attachment":[{"href":"https:\/\/seamtex.at\/en\/wp-json\/wp\/v2\/media?parent=830"}],"curies":[{"name":"wp","href":"https:\/\/api.w.org\/{rel}","templated":true}]}}