{"id":796,"date":"2021-01-26T15:14:44","date_gmt":"2021-01-26T14:14:44","guid":{"rendered":"https:\/\/seamtex.at\/?page_id=796"},"modified":"2021-03-04T14:35:07","modified_gmt":"2021-03-04T13:35:07","slug":"aermelschutz","status":"publish","type":"page","link":"https:\/\/seamtex.at\/en\/aermelschutz\/","title":{"rendered":"\u00c4rmelschutz"},"content":{"rendered":"\t\t<div data-elementor-type=\"wp-page\" data-elementor-id=\"796\" class=\"elementor elementor-796\" data-elementor-post-type=\"page\">\n\t\t\t\t\t\t<section class=\"elementor-section elementor-top-section elementor-element elementor-element-30b69b0 elementor-section-boxed elementor-section-height-default elementor-section-height-default\" data-id=\"30b69b0\" data-element_type=\"section\" data-e-type=\"section\">\n\t\t\t\t\t\t<div class=\"elementor-container elementor-column-gap-default\">\n\t\t\t\t\t<div class=\"elementor-column elementor-col-66 elementor-top-column elementor-element elementor-element-53b73a6\" data-id=\"53b73a6\" data-element_type=\"column\" data-e-type=\"column\">\n\t\t\t<div class=\"elementor-widget-wrap elementor-element-populated\">\n\t\t\t\t\t\t<div class=\"elementor-element elementor-element-b5ea9ad elementor-widget elementor-widget-image\" data-id=\"b5ea9ad\" data-element_type=\"widget\" data-e-type=\"widget\" data-widget_type=\"image.default\">\n\t\t\t\t<div class=\"elementor-widget-container\">\n\t\t\t\t\t\t\t\t\t\t\t\t\t\t\t<img fetchpriority=\"high\" decoding=\"async\" width=\"768\" height=\"243\" src=\"https:\/\/seamtex.at\/wp-content\/uploads\/2021\/01\/Hitzeschutz_A\u0308rmelschutz_seamtex-768x243.jpg\" class=\"attachment-medium_large size-medium_large wp-image-802\" alt=\"\" srcset=\"https:\/\/seamtex.at\/wp-content\/uploads\/2021\/01\/Hitzeschutz_A\u0308rmelschutz_seamtex-768x243.jpg 768w, https:\/\/seamtex.at\/wp-content\/uploads\/2021\/01\/Hitzeschutz_A\u0308rmelschutz_seamtex-300x95.jpg 300w, https:\/\/seamtex.at\/wp-content\/uploads\/2021\/01\/Hitzeschutz_A\u0308rmelschutz_seamtex-1024x325.jpg 1024w, https:\/\/seamtex.at\/wp-content\/uploads\/2021\/01\/Hitzeschutz_A\u0308rmelschutz_seamtex-1536x487.jpg 1536w, https:\/\/seamtex.at\/wp-content\/uploads\/2021\/01\/Hitzeschutz_A\u0308rmelschutz_seamtex-16x5.jpg 16w, https:\/\/seamtex.at\/wp-content\/uploads\/2021\/01\/Hitzeschutz_A\u0308rmelschutz_seamtex-1000x317.jpg 1000w, https:\/\/seamtex.at\/wp-content\/uploads\/2021\/01\/Hitzeschutz_A\u0308rmelschutz_seamtex.jpg 2000w\" sizes=\"(max-width: 768px) 100vw, 768px\" \/>\t\t\t\t\t\t\t\t\t\t\t\t\t\t\t<\/div>\n\t\t\t\t<\/div>\n\t\t\t\t\t<\/div>\n\t\t<\/div>\n\t\t\t\t<div class=\"elementor-column elementor-col-33 elementor-top-column elementor-element elementor-element-307418a\" data-id=\"307418a\" data-element_type=\"column\" data-e-type=\"column\">\n\t\t\t<div class=\"elementor-widget-wrap elementor-element-populated\">\n\t\t\t\t\t\t<div class=\"elementor-element elementor-element-38d5d3a elementor-nav-menu--dropdown-tablet elementor-nav-menu__text-align-aside elementor-nav-menu--toggle elementor-nav-menu--burger elementor-widget elementor-widget-nav-menu\" data-id=\"38d5d3a\" data-element_type=\"widget\" data-e-type=\"widget\" data-settings=\"{&quot;layout&quot;:&quot;vertical&quot;,&quot;submenu_icon&quot;:{&quot;value&quot;:&quot;&lt;i class=\\&quot;fas fa-caret-down\\&quot; aria-hidden=\\&quot;true\\&quot;&gt;&lt;\\\/i&gt;&quot;,&quot;library&quot;:&quot;fa-solid&quot;},&quot;toggle&quot;:&quot;burger&quot;}\" data-widget_type=\"nav-menu.default\">\n\t\t\t\t<div class=\"elementor-widget-container\">\n\t\t\t\t\t\t\t\t<nav aria-label=\"Menu\" class=\"elementor-nav-menu--main elementor-nav-menu__container elementor-nav-menu--layout-vertical e--pointer-underline e--animation-fade\">\n\t\t\t\t<ul id=\"menu-1-38d5d3a\" class=\"elementor-nav-menu sm-vertical\"><li class=\"menu-item menu-item-type-post_type menu-item-object-page menu-item-880\"><a href=\"https:\/\/seamtex.at\/en\/arbeitskleidung\/\" class=\"elementor-item\">Arbeitskleidung<\/a><\/li>\n<li class=\"menu-item menu-item-type-post_type menu-item-object-page menu-item-776\"><a href=\"https:\/\/seamtex.at\/en\/kopfschutz\/\" class=\"elementor-item\">Kopfschutz<\/a><\/li>\n<li class=\"menu-item menu-item-type-post_type menu-item-object-page menu-item-775\"><a href=\"https:\/\/seamtex.at\/en\/oberkoerperschutz\/\" class=\"elementor-item\">Oberk\u00f6rperschutz<\/a><\/li>\n<li class=\"menu-item menu-item-type-post_type menu-item-object-page menu-item-801\"><a href=\"https:\/\/seamtex.at\/en\/aermelschutz\/\" class=\"elementor-item\">\u00c4rmelschutz<\/a><\/li>\n<li class=\"menu-item menu-item-type-post_type menu-item-object-page menu-item-814\"><a href=\"https:\/\/seamtex.at\/en\/handschutz\/\" class=\"elementor-item\">Handschutz<\/a><\/li>\n<li class=\"menu-item menu-item-type-post_type menu-item-object-page menu-item-832\"><a href=\"https:\/\/seamtex.at\/en\/bein-fussschutz\/\" class=\"elementor-item\">Bein-\/Fu\u00dfschutz<\/a><\/li>\n<li class=\"menu-item menu-item-type-post_type menu-item-object-page menu-item-874\"><a href=\"https:\/\/seamtex.at\/en\/verschluesse\/\" class=\"elementor-item\">Verschl\u00fcsse<\/a><\/li>\n<\/ul>\t\t\t<\/nav>\n\t\t\t\t\t<div class=\"elementor-menu-toggle\" role=\"button\" tabindex=\"0\" aria-label=\"Menu Toggle\" aria-expanded=\"false\">\n\t\t\t<i aria-hidden=\"true\" role=\"presentation\" class=\"elementor-menu-toggle__icon--open eicon-menu-bar\"><\/i><i aria-hidden=\"true\" role=\"presentation\" class=\"elementor-menu-toggle__icon--close eicon-close\"><\/i>\t\t<\/div>\n\t\t\t\t\t<nav class=\"elementor-nav-menu--dropdown elementor-nav-menu__container\" aria-hidden=\"true\">\n\t\t\t\t<ul id=\"menu-2-38d5d3a\" class=\"elementor-nav-menu sm-vertical\"><li class=\"menu-item menu-item-type-post_type menu-item-object-page menu-item-880\"><a href=\"https:\/\/seamtex.at\/en\/arbeitskleidung\/\" class=\"elementor-item\" tabindex=\"-1\">Arbeitskleidung<\/a><\/li>\n<li class=\"menu-item menu-item-type-post_type menu-item-object-page menu-item-776\"><a href=\"https:\/\/seamtex.at\/en\/kopfschutz\/\" class=\"elementor-item\" tabindex=\"-1\">Kopfschutz<\/a><\/li>\n<li class=\"menu-item menu-item-type-post_type menu-item-object-page menu-item-775\"><a href=\"https:\/\/seamtex.at\/en\/oberkoerperschutz\/\" class=\"elementor-item\" tabindex=\"-1\">Oberk\u00f6rperschutz<\/a><\/li>\n<li class=\"menu-item menu-item-type-post_type menu-item-object-page menu-item-801\"><a href=\"https:\/\/seamtex.at\/en\/aermelschutz\/\" class=\"elementor-item\" tabindex=\"-1\">\u00c4rmelschutz<\/a><\/li>\n<li class=\"menu-item menu-item-type-post_type menu-item-object-page menu-item-814\"><a href=\"https:\/\/seamtex.at\/en\/handschutz\/\" class=\"elementor-item\" tabindex=\"-1\">Handschutz<\/a><\/li>\n<li class=\"menu-item menu-item-type-post_type menu-item-object-page menu-item-832\"><a href=\"https:\/\/seamtex.at\/en\/bein-fussschutz\/\" class=\"elementor-item\" tabindex=\"-1\">Bein-\/Fu\u00dfschutz<\/a><\/li>\n<li class=\"menu-item menu-item-type-post_type menu-item-object-page menu-item-874\"><a href=\"https:\/\/seamtex.at\/en\/verschluesse\/\" class=\"elementor-item\" tabindex=\"-1\">Verschl\u00fcsse<\/a><\/li>\n<\/ul>\t\t\t<\/nav>\n\t\t\t\t\t\t<\/div>\n\t\t\t\t<\/div>\n\t\t\t\t\t<\/div>\n\t\t<\/div>\n\t\t\t\t\t<\/div>\n\t\t<\/section>\n\t\t\t\t<section class=\"elementor-section elementor-top-section elementor-element elementor-element-79dec21 elementor-section-boxed elementor-section-height-default elementor-section-height-default\" data-id=\"79dec21\" data-element_type=\"section\" data-e-type=\"section\">\n\t\t\t\t\t\t<div class=\"elementor-container elementor-column-gap-default\">\n\t\t\t\t\t<div class=\"elementor-column elementor-col-100 elementor-top-column elementor-element elementor-element-1ca0a51\" data-id=\"1ca0a51\" data-element_type=\"column\" data-e-type=\"column\">\n\t\t\t<div class=\"elementor-widget-wrap\">\n\t\t\t\t\t\t\t<\/div>\n\t\t<\/div>\n\t\t\t\t\t<\/div>\n\t\t<\/section>\n\t\t\t\t<section class=\"elementor-section elementor-top-section elementor-element elementor-element-3e8cafb elementor-section-boxed elementor-section-height-default elementor-section-height-default\" data-id=\"3e8cafb\" data-element_type=\"section\" data-e-type=\"section\">\n\t\t\t\t\t\t<div class=\"elementor-container elementor-column-gap-default\">\n\t\t\t\t\t<div class=\"elementor-column elementor-col-100 elementor-top-column elementor-element elementor-element-d4f0816\" data-id=\"d4f0816\" data-element_type=\"column\" data-e-type=\"column\">\n\t\t\t<div class=\"elementor-widget-wrap elementor-element-populated\">\n\t\t\t\t\t\t<div class=\"elementor-element elementor-element-e917ea0 elementor-align-justify elementor-widget elementor-widget-button\" data-id=\"e917ea0\" data-element_type=\"widget\" data-e-type=\"widget\" data-widget_type=\"button.default\">\n\t\t\t\t<div class=\"elementor-widget-container\">\n\t\t\t\t\t\t\t\t\t<div class=\"elementor-button-wrapper\">\n\t\t\t\t\t<a class=\"elementor-button elementor-button-link elementor-size-sm\" href=\"https:\/\/seamtex.at\/hitzeschutzkleidung\/\">\n\t\t\t\t\t\t<span class=\"elementor-button-content-wrapper\">\n\t\t\t\t\t\t\t\t\t<span class=\"elementor-button-text\">HITZESCHUTZKLEIDUNG \u00dcBERSICHT<\/span>\n\t\t\t\t\t<\/span>\n\t\t\t\t\t<\/a>\n\t\t\t\t<\/div>\n\t\t\t\t\t\t\t\t<\/div>\n\t\t\t\t<\/div>\n\t\t\t\t\t<\/div>\n\t\t<\/div>\n\t\t\t\t\t<\/div>\n\t\t<\/section>\n\t\t\t\t<section class=\"elementor-section elementor-top-section elementor-element elementor-element-5092c13 elementor-section-boxed elementor-section-height-default elementor-section-height-default\" data-id=\"5092c13\" data-element_type=\"section\" data-e-type=\"section\">\n\t\t\t\t\t\t<div class=\"elementor-container elementor-column-gap-default\">\n\t\t\t\t\t<div class=\"elementor-column elementor-col-100 elementor-top-column elementor-element elementor-element-8f69458\" data-id=\"8f69458\" data-element_type=\"column\" data-e-type=\"column\">\n\t\t\t<div class=\"elementor-widget-wrap elementor-element-populated\">\n\t\t\t\t\t\t<div class=\"elementor-element elementor-element-045947b elementor-tabs-view-vertical elementor-widget elementor-widget-tabs\" data-id=\"045947b\" data-element_type=\"widget\" data-e-type=\"widget\" data-widget_type=\"tabs.default\">\n\t\t\t\t<div class=\"elementor-widget-container\">\n\t\t\t\t\t\t\t<div class=\"elementor-tabs\">\n\t\t\t<div class=\"elementor-tabs-wrapper\" role=\"tablist\" >\n\t\t\t\t\t\t\t\t\t<div id=\"elementor-tab-title-4551\" class=\"elementor-tab-title elementor-tab-desktop-title\" aria-selected=\"true\" data-tab=\"1\" role=\"tab\" tabindex=\"0\" aria-controls=\"elementor-tab-content-4551\" aria-expanded=\"false\">\u00c4rmelschutz 30 und 35cm<\/div>\n\t\t\t\t\t\t\t\t\t<div id=\"elementor-tab-title-4552\" class=\"elementor-tab-title elementor-tab-desktop-title\" aria-selected=\"false\" data-tab=\"2\" role=\"tab\" tabindex=\"-1\" aria-controls=\"elementor-tab-content-4552\" aria-expanded=\"false\">Unter\u00e4rmelschutz mit Daumenloch<\/div>\n\t\t\t\t\t\t\t<\/div>\n\t\t\t<div class=\"elementor-tabs-content-wrapper\" role=\"tablist\" aria-orientation=\"vertical\">\n\t\t\t\t\t\t\t\t\t<div class=\"elementor-tab-title elementor-tab-mobile-title\" aria-selected=\"true\" data-tab=\"1\" role=\"tab\" tabindex=\"0\" aria-controls=\"elementor-tab-content-4551\" aria-expanded=\"false\">\u00c4rmelschutz 30 und 35cm<\/div>\n\t\t\t\t\t<div id=\"elementor-tab-content-4551\" class=\"elementor-tab-content elementor-clearfix\" data-tab=\"1\" role=\"tabpanel\" aria-labelledby=\"elementor-tab-title-4551\" tabindex=\"0\" hidden=\"false\"><p>\u00bb ungef\u00fctterter Unterarmschutz<br \/>\u00bb beidseits mit verdecktem Gummiband<br \/><br \/>Art.-Nr. H\u00c430-[Material]<br \/>H\u00c435-[Material]<\/p><\/div>\n\t\t\t\t\t\t\t\t\t<div class=\"elementor-tab-title elementor-tab-mobile-title\" aria-selected=\"false\" data-tab=\"2\" role=\"tab\" tabindex=\"-1\" aria-controls=\"elementor-tab-content-4552\" aria-expanded=\"false\">Unter\u00e4rmelschutz mit Daumenloch<\/div>\n\t\t\t\t\t<div id=\"elementor-tab-content-4552\" class=\"elementor-tab-content elementor-clearfix\" data-tab=\"2\" role=\"tabpanel\" aria-labelledby=\"elementor-tab-title-4552\" tabindex=\"0\" hidden=\"hidden\"><p>AUS 100 % KEVLAR, ca. 35 cm<\/p><p>\u00bb Feinstrick<br \/>\u00bb beidseitig tragbar<br \/>\u00bb ungef\u00fcttert<br \/>\u00bb atmungsaktiv<br \/>\u00bb enganliegend<\/p><p>Art. Nr. HAS-35-PARA0859<\/p><\/div>\n\t\t\t\t\t\t\t<\/div>\n\t\t<\/div>\n\t\t\t\t\t\t<\/div>\n\t\t\t\t<\/div>\n\t\t\t\t\t<\/div>\n\t\t<\/div>\n\t\t\t\t\t<\/div>\n\t\t<\/section>\n\t\t\t\t<\/div>\n\t\t","protected":false},"excerpt":{"rendered":"<p>HITZESCHUTZKLEIDUNG \u00dcBERSICHT \u00c4rmelschutz 30 und 35cm Unter\u00e4rmelschutz mit Daumenloch \u00c4rmelschutz 30 und 35cm \u00bb ungef\u00fctterter Unterarmschutz\u00bb beidseits mit verdecktem Gummiband Art.-Nr. H\u00c430-[Material]H\u00c435-[Material] Unter\u00e4rmelschutz mit Daumenloch AUS 100 % KEVLAR, ca. 35 cm \u00bb Feinstrick\u00bb beidseitig tragbar\u00bb ungef\u00fcttert\u00bb atmungsaktiv\u00bb enganliegend Art. Nr. HAS-35-PARA0859<\/p>\n","protected":false},"author":1,"featured_media":0,"parent":0,"menu_order":0,"comment_status":"closed","ping_status":"closed","template":"","meta":{"neve_meta_sidebar":"full-width","neve_meta_container":"","neve_meta_enable_content_width":"on","neve_meta_content_width":100,"neve_meta_title_alignment":"","neve_meta_author_avatar":"","neve_post_elements_order":"","neve_meta_disable_header":"","neve_meta_disable_footer":"","neve_meta_disable_title":"","neve_meta_reading_time":"","footnotes":""},"class_list":["post-796","page","type-page","status-publish","hentry"],"yoast_head":"<!-- This site is optimized with the Yoast SEO plugin v27.3 - https:\/\/yoast.com\/product\/yoast-seo-wordpress\/ -->\n<title>\u00c4rmelschutz - seamtex<\/title>\n<meta name=\"robots\" content=\"index, follow, max-snippet:-1, max-image-preview:large, max-video-preview:-1\" \/>\n<link rel=\"canonical\" href=\"https:\/\/seamtex.at\/en\/aermelschutz\/\" \/>\n<meta property=\"og:locale\" content=\"en_GB\" \/>\n<meta property=\"og:type\" content=\"article\" \/>\n<meta property=\"og:title\" content=\"\u00c4rmelschutz - seamtex\" \/>\n<meta property=\"og:description\" content=\"HITZESCHUTZKLEIDUNG \u00dcBERSICHT \u00c4rmelschutz 30 und 35cm Unter\u00e4rmelschutz mit Daumenloch \u00c4rmelschutz 30 und 35cm \u00bb ungef\u00fctterter Unterarmschutz\u00bb beidseits mit verdecktem Gummiband Art.-Nr. H\u00c430-[Material]H\u00c435-[Material] Unter\u00e4rmelschutz mit Daumenloch AUS 100 % KEVLAR, ca. 35 cm \u00bb Feinstrick\u00bb beidseitig tragbar\u00bb ungef\u00fcttert\u00bb atmungsaktiv\u00bb enganliegend Art. Nr. HAS-35-PARA0859\" \/>\n<meta property=\"og:url\" content=\"https:\/\/seamtex.at\/en\/aermelschutz\/\" \/>\n<meta property=\"og:site_name\" content=\"seamtex\" \/>\n<meta property=\"article:modified_time\" content=\"2021-03-04T13:35:07+00:00\" \/>\n<meta property=\"og:image\" content=\"https:\/\/seamtex.at\/wp-content\/uploads\/2021\/01\/Hitzeschutz_A\u0308rmelschutz_seamtex-768x243.jpg\" \/>\n<meta name=\"twitter:card\" content=\"summary_large_image\" \/>\n<meta name=\"twitter:label1\" content=\"Estimated reading time\" \/>\n\t<meta name=\"twitter:data1\" content=\"1 minute\" \/>\n<script type=\"application\/ld+json\" class=\"yoast-schema-graph\">{\"@context\":\"https:\\\/\\\/schema.org\",\"@graph\":[{\"@type\":\"WebPage\",\"@id\":\"https:\\\/\\\/seamtex.at\\\/aermelschutz\\\/\",\"url\":\"https:\\\/\\\/seamtex.at\\\/aermelschutz\\\/\",\"name\":\"\u00c4rmelschutz - seamtex\",\"isPartOf\":{\"@id\":\"https:\\\/\\\/seamtex.at\\\/#website\"},\"datePublished\":\"2021-01-26T14:14:44+00:00\",\"dateModified\":\"2021-03-04T13:35:07+00:00\",\"breadcrumb\":{\"@id\":\"https:\\\/\\\/seamtex.at\\\/aermelschutz\\\/#breadcrumb\"},\"inLanguage\":\"en-GB\",\"potentialAction\":[{\"@type\":\"ReadAction\",\"target\":[\"https:\\\/\\\/seamtex.at\\\/aermelschutz\\\/\"]}]},{\"@type\":\"BreadcrumbList\",\"@id\":\"https:\\\/\\\/seamtex.at\\\/aermelschutz\\\/#breadcrumb\",\"itemListElement\":[{\"@type\":\"ListItem\",\"position\":1,\"name\":\"Startseite\",\"item\":\"https:\\\/\\\/seamtex.at\\\/\"},{\"@type\":\"ListItem\",\"position\":2,\"name\":\"\u00c4rmelschutz\"}]},{\"@type\":\"WebSite\",\"@id\":\"https:\\\/\\\/seamtex.at\\\/#website\",\"url\":\"https:\\\/\\\/seamtex.at\\\/\",\"name\":\"seamtex\",\"description\":\"your protective clothing\",\"publisher\":{\"@id\":\"https:\\\/\\\/seamtex.at\\\/#organization\"},\"potentialAction\":[{\"@type\":\"SearchAction\",\"target\":{\"@type\":\"EntryPoint\",\"urlTemplate\":\"https:\\\/\\\/seamtex.at\\\/?s={search_term_string}\"},\"query-input\":{\"@type\":\"PropertyValueSpecification\",\"valueRequired\":true,\"valueName\":\"search_term_string\"}}],\"inLanguage\":\"en-GB\"},{\"@type\":\"Organization\",\"@id\":\"https:\\\/\\\/seamtex.at\\\/#organization\",\"name\":\"seamtex\",\"url\":\"https:\\\/\\\/seamtex.at\\\/\",\"logo\":{\"@type\":\"ImageObject\",\"inLanguage\":\"en-GB\",\"@id\":\"https:\\\/\\\/seamtex.at\\\/#\\\/schema\\\/logo\\\/image\\\/\",\"url\":\"https:\\\/\\\/seamtex.at\\\/wp-content\\\/uploads\\\/2020\\\/09\\\/seamTEX-200827_4C_small_RGB.png\",\"contentUrl\":\"https:\\\/\\\/seamtex.at\\\/wp-content\\\/uploads\\\/2020\\\/09\\\/seamTEX-200827_4C_small_RGB.png\",\"width\":1445,\"height\":343,\"caption\":\"seamtex\"},\"image\":{\"@id\":\"https:\\\/\\\/seamtex.at\\\/#\\\/schema\\\/logo\\\/image\\\/\"}}]}<\/script>\n<!-- \/ Yoast SEO plugin. -->","yoast_head_json":{"title":"\u00c4rmelschutz - seamtex","robots":{"index":"index","follow":"follow","max-snippet":"max-snippet:-1","max-image-preview":"max-image-preview:large","max-video-preview":"max-video-preview:-1"},"canonical":"https:\/\/seamtex.at\/en\/aermelschutz\/","og_locale":"en_GB","og_type":"article","og_title":"\u00c4rmelschutz - seamtex","og_description":"HITZESCHUTZKLEIDUNG \u00dcBERSICHT \u00c4rmelschutz 30 und 35cm Unter\u00e4rmelschutz mit Daumenloch \u00c4rmelschutz 30 und 35cm \u00bb ungef\u00fctterter Unterarmschutz\u00bb beidseits mit verdecktem Gummiband Art.-Nr. H\u00c430-[Material]H\u00c435-[Material] Unter\u00e4rmelschutz mit Daumenloch AUS 100 % KEVLAR, ca. 35 cm \u00bb Feinstrick\u00bb beidseitig tragbar\u00bb ungef\u00fcttert\u00bb atmungsaktiv\u00bb enganliegend Art. Nr. HAS-35-PARA0859","og_url":"https:\/\/seamtex.at\/en\/aermelschutz\/","og_site_name":"seamtex","article_modified_time":"2021-03-04T13:35:07+00:00","og_image":[{"url":"https:\/\/seamtex.at\/wp-content\/uploads\/2021\/01\/Hitzeschutz_A\u0308rmelschutz_seamtex-768x243.jpg","type":"","width":"","height":""}],"twitter_card":"summary_large_image","twitter_misc":{"Estimated reading time":"1 minute"},"schema":{"@context":"https:\/\/schema.org","@graph":[{"@type":"WebPage","@id":"https:\/\/seamtex.at\/aermelschutz\/","url":"https:\/\/seamtex.at\/aermelschutz\/","name":"\u00c4rmelschutz - seamtex","isPartOf":{"@id":"https:\/\/seamtex.at\/#website"},"datePublished":"2021-01-26T14:14:44+00:00","dateModified":"2021-03-04T13:35:07+00:00","breadcrumb":{"@id":"https:\/\/seamtex.at\/aermelschutz\/#breadcrumb"},"inLanguage":"en-GB","potentialAction":[{"@type":"ReadAction","target":["https:\/\/seamtex.at\/aermelschutz\/"]}]},{"@type":"BreadcrumbList","@id":"https:\/\/seamtex.at\/aermelschutz\/#breadcrumb","itemListElement":[{"@type":"ListItem","position":1,"name":"Startseite","item":"https:\/\/seamtex.at\/"},{"@type":"ListItem","position":2,"name":"\u00c4rmelschutz"}]},{"@type":"WebSite","@id":"https:\/\/seamtex.at\/#website","url":"https:\/\/seamtex.at\/","name":"seamtex","description":"your protective clothing","publisher":{"@id":"https:\/\/seamtex.at\/#organization"},"potentialAction":[{"@type":"SearchAction","target":{"@type":"EntryPoint","urlTemplate":"https:\/\/seamtex.at\/?s={search_term_string}"},"query-input":{"@type":"PropertyValueSpecification","valueRequired":true,"valueName":"search_term_string"}}],"inLanguage":"en-GB"},{"@type":"Organization","@id":"https:\/\/seamtex.at\/#organization","name":"seamtex","url":"https:\/\/seamtex.at\/","logo":{"@type":"ImageObject","inLanguage":"en-GB","@id":"https:\/\/seamtex.at\/#\/schema\/logo\/image\/","url":"https:\/\/seamtex.at\/wp-content\/uploads\/2020\/09\/seamTEX-200827_4C_small_RGB.png","contentUrl":"https:\/\/seamtex.at\/wp-content\/uploads\/2020\/09\/seamTEX-200827_4C_small_RGB.png","width":1445,"height":343,"caption":"seamtex"},"image":{"@id":"https:\/\/seamtex.at\/#\/schema\/logo\/image\/"}}]}},"_links":{"self":[{"href":"https:\/\/seamtex.at\/en\/wp-json\/wp\/v2\/pages\/796","targetHints":{"allow":["GET"]}}],"collection":[{"href":"https:\/\/seamtex.at\/en\/wp-json\/wp\/v2\/pages"}],"about":[{"href":"https:\/\/seamtex.at\/en\/wp-json\/wp\/v2\/types\/page"}],"author":[{"embeddable":true,"href":"https:\/\/seamtex.at\/en\/wp-json\/wp\/v2\/users\/1"}],"replies":[{"embeddable":true,"href":"https:\/\/seamtex.at\/en\/wp-json\/wp\/v2\/comments?post=796"}],"version-history":[{"count":10,"href":"https:\/\/seamtex.at\/en\/wp-json\/wp\/v2\/pages\/796\/revisions"}],"predecessor-version":[{"id":1402,"href":"https:\/\/seamtex.at\/en\/wp-json\/wp\/v2\/pages\/796\/revisions\/1402"}],"wp:attachment":[{"href":"https:\/\/seamtex.at\/en\/wp-json\/wp\/v2\/media?parent=796"}],"curies":[{"name":"wp","href":"https:\/\/api.w.org\/{rel}","templated":true}]}}