{"id":30,"date":"2020-08-04T08:00:14","date_gmt":"2020-08-04T06:00:14","guid":{"rendered":"https:\/\/seamtex.at\/?page_id=30"},"modified":"2024-12-10T12:43:11","modified_gmt":"2024-12-10T11:43:11","slug":"impressum","status":"publish","type":"page","link":"https:\/\/seamtex.at\/en\/impressum\/","title":{"rendered":"Imprint"},"content":{"rendered":"<p>seamTEX GmbH Gesellschaft mit beschr\u00e4nkter Haftung<br>Gesch\u00e4ftsf\u00fchrer: Gesch\u00e4ftsf\u00fchrer: Daniela Jan\u00edkov\u00e1<br>Sch\u00f6nauerstra\u00dfe 9<br>4400 Steyr<br>\u00d6sterreich<br>E-Mail-Adresse:\u00a0<a href=\"mailto:office@seamtex.at\">office@seamtex.at<\/a><br>Telefonnummer: +43 (0) 72 52 \/ 43 9 25<br>Gesellschafter:<br>Registergericht &amp; Registernummer: Landesgericht Steyr FN 374475 z<br>Umsatzsteuer-Identifikationsnummer: ATU 66975259<\/p>\n\n\n\n<p>Verantwortlich f\u00fcr den Inhalt: seamTEX GmbH<\/p>\n\n\n\n<p>Plattform der Europ\u00e4ischen Kommission zur Online-Streitbeilegung (OS) f\u00fcr Verbraucher:&nbsp;<a href=\"https:\/\/ec.europa.eu\/consumers\/odr\/\" target=\"_blank\" rel=\"noreferrer noopener\">https:\/\/ec.europa.eu\/consumers\/odr\/<\/a>. Wir sind nicht bereit und nicht verpflichtet an einem Streitbeilegungsverfahren vor einer Verbraucherschlichtungsstelle teilzunehmen.<\/p>\n\n\n\n<p><strong>Nutzungsbedingungen<\/strong><\/p>\n\n\n\n<p>Die Inhalte dieser Webseite dienen ausschlie\u00dflich der Information. Durch die Nutzung der Auswahlm\u00f6glichkeiten der Webseite kommen keinerlei Rechtsgesch\u00e4fte zwischen dem Eigent\u00fcmer und den Nutzern zu Stande.<\/p>\n\n\n\n<p><strong>Copyright \/ Haftungsausschluss<\/strong><\/p>\n\n\n\n<p>Es kann keine Gew\u00e4hr f\u00fcr die Authentizit\u00e4t, Richtigkeit und Vollst\u00e4ndigkeit der im Internet zur Verf\u00fcgung gestellten Informationen \u00fcbernommen werden. Es wird keine Gew\u00e4hr f\u00fcr die Verf\u00fcgbarkeit oder den Betrieb der gegenst\u00e4ndlichen Webseite und ihrer Inhalte \u00fcbernommen.<\/p>\n\n\n\n<p>Der Inhalt dieser Webseite ist urheberrechtlich gesch\u00fctzt. Die Informationen sind nur f\u00fcr die pers\u00f6nliche Verwendung bestimmt. Jede weitergehende Nutzung insbesondere die Speicherung in Datenbanken, Vervielf\u00e4ltigung und jede Form von gewerblicher Nutzung sowie die Weitergabe an Dritte \u2013 auch in Teilen oder in \u00fcberarbeiteter Form \u2013 ohne Zustimmung des Website-Inhabers ist untersagt.<\/p>\n\n\n\n<p>Jede Einbindung einzelner Seiten unseres Angebotes in fremde Frames ist zu unterlassen.<\/p>\n\n\n\n<p><strong>Haftung f\u00fcr Links<\/strong><\/p>\n\n\n\n<p>Diese Webseite enth\u00e4lt Links zu externen Webseiten Dritter, auf deren Inhalte wir keinen Einfluss haben. Deshalb k\u00f6nnen wir f\u00fcr diese fremden Inhalte auch keine Gew\u00e4hr \u00fcbernehmen. F\u00fcr die Inhalte der verlinkten Seiten ist stets der jeweilige Anbieter oder Betreiber der Seiten verantwortlich.<\/p>\n\n\n\n<p><strong>Umsetzung<\/strong><\/p>\n\n\n\n<p>Die Netzwerkkapit\u00e4ne Werbeagentur<br><a href=\"https:\/\/www.nwkt.at\/\" target=\"_blank\" rel=\"noreferrer noopener\">www.nwkt.at<\/a><\/p>\n\n\n\n<p>\u00a9 Bildquellen: seamTEX GmbH, unsplash, adobe stock, Die verwendeten Logos sind eingetragene Warenzeichen der jeweiligen Unternehmen.<\/p>","protected":false},"excerpt":{"rendered":"<p>seamTEX GmbH Gesellschaft mit beschr\u00e4nkter HaftungGesch\u00e4ftsf\u00fchrer: Gesch\u00e4ftsf\u00fchrer: Daniela Jan\u00edkov\u00e1Sch\u00f6nauerstra\u00dfe 94400 Steyr\u00d6sterreichE-Mail-Adresse:\u00a0office@seamtex.atTelefonnummer: +43 (0) 72 52 \/ 43 9 25Gesellschafter:Registergericht &amp; Registernummer: Landesgericht Steyr FN 374475 zUmsatzsteuer-Identifikationsnummer: ATU 66975259 Verantwortlich f\u00fcr den Inhalt: seamTEX GmbH Plattform der Europ\u00e4ischen Kommission zur Online-Streitbeilegung (OS) f\u00fcr Verbraucher:&nbsp;https:\/\/ec.europa.eu\/consumers\/odr\/. Wir sind nicht bereit und nicht verpflichtet an einem Streitbeilegungsverfahren vor einer&hellip;&nbsp;<a href=\"https:\/\/seamtex.at\/en\/impressum\/\" rel=\"bookmark\">Read More &raquo;<span class=\"screen-reader-text\">Imprint<\/span><\/a><\/p>","protected":false},"author":1,"featured_media":0,"parent":0,"menu_order":0,"comment_status":"closed","ping_status":"closed","template":"","meta":{"neve_meta_sidebar":"full-width","neve_meta_container":"contained","neve_meta_enable_content_width":"on","neve_meta_content_width":95,"neve_meta_title_alignment":"","neve_meta_author_avatar":"","neve_post_elements_order":"","neve_meta_disable_header":"","neve_meta_disable_footer":"","neve_meta_disable_title":"","neve_meta_reading_time":"","footnotes":""},"class_list":["post-30","page","type-page","status-publish","hentry"],"yoast_head":"<!-- This site is optimized with the Yoast SEO plugin v27.3 - https:\/\/yoast.com\/product\/yoast-seo-wordpress\/ -->\n<title>Impressum - seamtex<\/title>\n<meta name=\"robots\" content=\"index, follow, max-snippet:-1, max-image-preview:large, max-video-preview:-1\" \/>\n<link rel=\"canonical\" href=\"https:\/\/seamtex.at\/en\/impressum\/\" \/>\n<meta property=\"og:locale\" content=\"en_GB\" \/>\n<meta property=\"og:type\" content=\"article\" \/>\n<meta property=\"og:title\" content=\"Impressum - seamtex\" \/>\n<meta property=\"og:description\" content=\"seamTEX GmbH Gesellschaft mit beschr\u00e4nkter HaftungGesch\u00e4ftsf\u00fchrer: Gesch\u00e4ftsf\u00fchrer: Daniela Jan\u00edkov\u00e1Sch\u00f6nauerstra\u00dfe 94400 Steyr\u00d6sterreichE-Mail-Adresse:\u00a0office@seamtex.atTelefonnummer: +43 (0) 72 52 \/ 43 9 25Gesellschafter:Registergericht &amp; Registernummer: Landesgericht Steyr FN 374475 zUmsatzsteuer-Identifikationsnummer: ATU 66975259 Verantwortlich f\u00fcr den Inhalt: seamTEX GmbH Plattform der Europ\u00e4ischen Kommission zur Online-Streitbeilegung (OS) f\u00fcr Verbraucher:&nbsp;https:\/\/ec.europa.eu\/consumers\/odr\/. Wir sind nicht bereit und nicht verpflichtet an einem Streitbeilegungsverfahren vor einer&hellip;&nbsp;Read More &raquo;Impressum\" \/>\n<meta property=\"og:url\" content=\"https:\/\/seamtex.at\/en\/impressum\/\" \/>\n<meta property=\"og:site_name\" content=\"seamtex\" \/>\n<meta property=\"article:modified_time\" content=\"2024-12-10T11:43:11+00:00\" \/>\n<meta name=\"twitter:card\" content=\"summary_large_image\" \/>\n<meta name=\"twitter:label1\" content=\"Estimated reading time\" \/>\n\t<meta name=\"twitter:data1\" content=\"2 minutes\" \/>\n<script type=\"application\/ld+json\" class=\"yoast-schema-graph\">{\"@context\":\"https:\\\/\\\/schema.org\",\"@graph\":[{\"@type\":\"WebPage\",\"@id\":\"https:\\\/\\\/seamtex.at\\\/impressum\\\/\",\"url\":\"https:\\\/\\\/seamtex.at\\\/impressum\\\/\",\"name\":\"Impressum - seamtex\",\"isPartOf\":{\"@id\":\"https:\\\/\\\/seamtex.at\\\/#website\"},\"datePublished\":\"2020-08-04T06:00:14+00:00\",\"dateModified\":\"2024-12-10T11:43:11+00:00\",\"breadcrumb\":{\"@id\":\"https:\\\/\\\/seamtex.at\\\/impressum\\\/#breadcrumb\"},\"inLanguage\":\"en-GB\",\"potentialAction\":[{\"@type\":\"ReadAction\",\"target\":[\"https:\\\/\\\/seamtex.at\\\/impressum\\\/\"]}]},{\"@type\":\"BreadcrumbList\",\"@id\":\"https:\\\/\\\/seamtex.at\\\/impressum\\\/#breadcrumb\",\"itemListElement\":[{\"@type\":\"ListItem\",\"position\":1,\"name\":\"Startseite\",\"item\":\"https:\\\/\\\/seamtex.at\\\/\"},{\"@type\":\"ListItem\",\"position\":2,\"name\":\"Impressum\"}]},{\"@type\":\"WebSite\",\"@id\":\"https:\\\/\\\/seamtex.at\\\/#website\",\"url\":\"https:\\\/\\\/seamtex.at\\\/\",\"name\":\"seamtex\",\"description\":\"your protective clothing\",\"publisher\":{\"@id\":\"https:\\\/\\\/seamtex.at\\\/#organization\"},\"potentialAction\":[{\"@type\":\"SearchAction\",\"target\":{\"@type\":\"EntryPoint\",\"urlTemplate\":\"https:\\\/\\\/seamtex.at\\\/?s={search_term_string}\"},\"query-input\":{\"@type\":\"PropertyValueSpecification\",\"valueRequired\":true,\"valueName\":\"search_term_string\"}}],\"inLanguage\":\"en-GB\"},{\"@type\":\"Organization\",\"@id\":\"https:\\\/\\\/seamtex.at\\\/#organization\",\"name\":\"seamtex\",\"url\":\"https:\\\/\\\/seamtex.at\\\/\",\"logo\":{\"@type\":\"ImageObject\",\"inLanguage\":\"en-GB\",\"@id\":\"https:\\\/\\\/seamtex.at\\\/#\\\/schema\\\/logo\\\/image\\\/\",\"url\":\"https:\\\/\\\/seamtex.at\\\/wp-content\\\/uploads\\\/2020\\\/09\\\/seamTEX-200827_4C_small_RGB.png\",\"contentUrl\":\"https:\\\/\\\/seamtex.at\\\/wp-content\\\/uploads\\\/2020\\\/09\\\/seamTEX-200827_4C_small_RGB.png\",\"width\":1445,\"height\":343,\"caption\":\"seamtex\"},\"image\":{\"@id\":\"https:\\\/\\\/seamtex.at\\\/#\\\/schema\\\/logo\\\/image\\\/\"}}]}<\/script>\n<!-- \/ Yoast SEO plugin. -->","yoast_head_json":{"title":"Impressum - seamtex","robots":{"index":"index","follow":"follow","max-snippet":"max-snippet:-1","max-image-preview":"max-image-preview:large","max-video-preview":"max-video-preview:-1"},"canonical":"https:\/\/seamtex.at\/en\/impressum\/","og_locale":"en_GB","og_type":"article","og_title":"Impressum - seamtex","og_description":"seamTEX GmbH Gesellschaft mit beschr\u00e4nkter HaftungGesch\u00e4ftsf\u00fchrer: Gesch\u00e4ftsf\u00fchrer: Daniela Jan\u00edkov\u00e1Sch\u00f6nauerstra\u00dfe 94400 Steyr\u00d6sterreichE-Mail-Adresse:\u00a0office@seamtex.atTelefonnummer: +43 (0) 72 52 \/ 43 9 25Gesellschafter:Registergericht &amp; Registernummer: Landesgericht Steyr FN 374475 zUmsatzsteuer-Identifikationsnummer: ATU 66975259 Verantwortlich f\u00fcr den Inhalt: seamTEX GmbH Plattform der Europ\u00e4ischen Kommission zur Online-Streitbeilegung (OS) f\u00fcr Verbraucher:&nbsp;https:\/\/ec.europa.eu\/consumers\/odr\/. Wir sind nicht bereit und nicht verpflichtet an einem Streitbeilegungsverfahren vor einer&hellip;&nbsp;Read More &raquo;Impressum","og_url":"https:\/\/seamtex.at\/en\/impressum\/","og_site_name":"seamtex","article_modified_time":"2024-12-10T11:43:11+00:00","twitter_card":"summary_large_image","twitter_misc":{"Estimated reading time":"2 minutes"},"schema":{"@context":"https:\/\/schema.org","@graph":[{"@type":"WebPage","@id":"https:\/\/seamtex.at\/impressum\/","url":"https:\/\/seamtex.at\/impressum\/","name":"Impressum - seamtex","isPartOf":{"@id":"https:\/\/seamtex.at\/#website"},"datePublished":"2020-08-04T06:00:14+00:00","dateModified":"2024-12-10T11:43:11+00:00","breadcrumb":{"@id":"https:\/\/seamtex.at\/impressum\/#breadcrumb"},"inLanguage":"en-GB","potentialAction":[{"@type":"ReadAction","target":["https:\/\/seamtex.at\/impressum\/"]}]},{"@type":"BreadcrumbList","@id":"https:\/\/seamtex.at\/impressum\/#breadcrumb","itemListElement":[{"@type":"ListItem","position":1,"name":"Startseite","item":"https:\/\/seamtex.at\/"},{"@type":"ListItem","position":2,"name":"Impressum"}]},{"@type":"WebSite","@id":"https:\/\/seamtex.at\/#website","url":"https:\/\/seamtex.at\/","name":"seamtex","description":"your protective clothing","publisher":{"@id":"https:\/\/seamtex.at\/#organization"},"potentialAction":[{"@type":"SearchAction","target":{"@type":"EntryPoint","urlTemplate":"https:\/\/seamtex.at\/?s={search_term_string}"},"query-input":{"@type":"PropertyValueSpecification","valueRequired":true,"valueName":"search_term_string"}}],"inLanguage":"en-GB"},{"@type":"Organization","@id":"https:\/\/seamtex.at\/#organization","name":"seamtex","url":"https:\/\/seamtex.at\/","logo":{"@type":"ImageObject","inLanguage":"en-GB","@id":"https:\/\/seamtex.at\/#\/schema\/logo\/image\/","url":"https:\/\/seamtex.at\/wp-content\/uploads\/2020\/09\/seamTEX-200827_4C_small_RGB.png","contentUrl":"https:\/\/seamtex.at\/wp-content\/uploads\/2020\/09\/seamTEX-200827_4C_small_RGB.png","width":1445,"height":343,"caption":"seamtex"},"image":{"@id":"https:\/\/seamtex.at\/#\/schema\/logo\/image\/"}}]}},"_links":{"self":[{"href":"https:\/\/seamtex.at\/en\/wp-json\/wp\/v2\/pages\/30","targetHints":{"allow":["GET"]}}],"collection":[{"href":"https:\/\/seamtex.at\/en\/wp-json\/wp\/v2\/pages"}],"about":[{"href":"https:\/\/seamtex.at\/en\/wp-json\/wp\/v2\/types\/page"}],"author":[{"embeddable":true,"href":"https:\/\/seamtex.at\/en\/wp-json\/wp\/v2\/users\/1"}],"replies":[{"embeddable":true,"href":"https:\/\/seamtex.at\/en\/wp-json\/wp\/v2\/comments?post=30"}],"version-history":[{"count":5,"href":"https:\/\/seamtex.at\/en\/wp-json\/wp\/v2\/pages\/30\/revisions"}],"predecessor-version":[{"id":3140,"href":"https:\/\/seamtex.at\/en\/wp-json\/wp\/v2\/pages\/30\/revisions\/3140"}],"wp:attachment":[{"href":"https:\/\/seamtex.at\/en\/wp-json\/wp\/v2\/media?parent=30"}],"curies":[{"name":"wp","href":"https:\/\/api.w.org\/{rel}","templated":true}]}}