{"id":1554,"date":"2021-05-11T15:18:51","date_gmt":"2021-05-11T13:18:51","guid":{"rendered":"https:\/\/seamtex.at\/?page_id=1554"},"modified":"2024-01-29T14:05:16","modified_gmt":"2024-01-29T13:05:16","slug":"premium-rs-l2","status":"publish","type":"page","link":"https:\/\/seamtex.at\/en\/premium-rs-l2\/","title":{"rendered":"PREMIUM-RS L2"},"content":{"rendered":"<div data-elementor-type=\"wp-page\" data-elementor-id=\"1554\" class=\"elementor elementor-1554\" data-elementor-post-type=\"page\">\n\t\t\t\t\t\t<section class=\"elementor-section elementor-top-section elementor-element elementor-element-1c708ff elementor-section-boxed elementor-section-height-default elementor-section-height-default\" data-id=\"1c708ff\" data-element_type=\"section\" data-e-type=\"section\">\n\t\t\t\t\t\t<div class=\"elementor-container elementor-column-gap-default\">\n\t\t\t\t\t<div class=\"elementor-column elementor-col-33 elementor-top-column elementor-element elementor-element-7600040\" data-id=\"7600040\" data-element_type=\"column\" data-e-type=\"column\">\n\t\t\t<div class=\"elementor-widget-wrap elementor-element-populated\">\n\t\t\t\t\t\t<div class=\"elementor-element elementor-element-34ad1c6 elementor-align-justify elementor-widget elementor-widget-button\" data-id=\"34ad1c6\" data-element_type=\"widget\" data-e-type=\"widget\" data-widget_type=\"button.default\">\n\t\t\t\t<div class=\"elementor-widget-container\">\n\t\t\t\t\t\t\t\t\t<div class=\"elementor-button-wrapper\">\n\t\t\t\t\t<a class=\"elementor-button elementor-button-link elementor-size-sm\" href=\"https:\/\/seamtex.at\/en\/groessentabellen\/\" target=\"_blank\">\n\t\t\t\t\t\t<span class=\"elementor-button-content-wrapper\">\n\t\t\t\t\t\t\t\t\t<span class=\"elementor-button-text\">zu den Gr\u00f6\u00dfentabellen<\/span>\n\t\t\t\t\t<\/span>\n\t\t\t\t\t<\/a>\n\t\t\t\t<\/div>\n\t\t\t\t\t\t\t\t<\/div>\n\t\t\t\t<\/div>\n\t\t\t\t<div class=\"elementor-element elementor-element-9936f4a elementor-widget elementor-widget-heading\" data-id=\"9936f4a\" data-element_type=\"widget\" data-e-type=\"widget\" data-widget_type=\"heading.default\">\n\t\t\t\t<div class=\"elementor-widget-container\">\n\t\t\t\t\t<h2 class=\"elementor-heading-title elementor-size-medium\">Description<\/h2>\t\t\t\t<\/div>\n\t\t\t\t<\/div>\n\t\t\t\t<div class=\"elementor-element elementor-element-2159833 elementor-widget elementor-widget-text-editor\" data-id=\"2159833\" data-element_type=\"widget\" data-e-type=\"widget\" data-widget_type=\"text-editor.default\">\n\t\t\t\t<div class=\"elementor-widget-container\">\n\t\t\t\t\t\t\t\t\t<p class=\"p1\">RSK outer fabric used for PREMIUM-RS\nL2 Nomex<sup>\u00ae<\/sup> RSK is characterized by its eye-catching appearance\nand offers outstanding visibility in traffic areas thanks\nto its bright colours.\n<span style=\"font-family: var( --e-global-typography-text-font-family ), Sans-serif; font-weight: var( --e-global-typography-text-font-weight ); background-color: var(--nv-site-bg);\">Black-dyed Kevlar<\/span><sup style=\"font-family: var( --e-global-typography-text-font-family ), Sans-serif; font-weight: var( --e-global-typography-text-font-weight ); background-color: var(--nv-site-bg);\">\u00ae<\/sup><span style=\"font-family: var( --e-global-typography-text-font-family ), Sans-serif; font-weight: var( --e-global-typography-text-font-weight ); background-color: var(--nv-site-bg);\">- yarns are incorporated into the\nfabric in a lattice structure, producing a smooth and\ntherefore more abrasion-resistant surface. The structured\nsurface on the reverse of the fabric creates a\nvirtually three-dimensional texture, offering enhanced\nthermal insulation.<\/span><\/p>\t\t\t\t\t\t\t\t<\/div>\n\t\t\t\t<\/div>\n\t\t\t\t<div class=\"elementor-element elementor-element-ca2cb58 elementor-widget elementor-widget-heading\" data-id=\"ca2cb58\" data-element_type=\"widget\" data-e-type=\"widget\" data-widget_type=\"heading.default\">\n\t\t\t\t<div class=\"elementor-widget-container\">\n\t\t\t\t\t<h2 class=\"elementor-heading-title elementor-size-medium\">Nomex<sup>\u00ae<\/sup> RSK<\/h2>\t\t\t\t<\/div>\n\t\t\t\t<\/div>\n\t\t\t\t<div class=\"elementor-element elementor-element-813afe0 elementor-widget elementor-widget-text-editor\" data-id=\"813afe0\" data-element_type=\"widget\" data-e-type=\"widget\" data-widget_type=\"text-editor.default\">\n\t\t\t\t<div class=\"elementor-widget-container\">\n\t\t\t\t\t\t\t\t\t<p class=\"p1\">88 % Nomex<sup>\u00ae<\/sup> (meta-Aramid)<br \/>10 % Kevlar<sup>\u00ae<\/sup> (para-Aramid)<br \/>02 % antistatic fibre<\/p><p class=\"p2\">Bonding: Canvas (optical ripstop)<\/p>\t\t\t\t\t\t\t\t<\/div>\n\t\t\t\t<\/div>\n\t\t\t\t<div class=\"elementor-element elementor-element-183aaaa elementor-widget elementor-widget-heading\" data-id=\"183aaaa\" data-element_type=\"widget\" data-e-type=\"widget\" data-widget_type=\"heading.default\">\n\t\t\t\t<div class=\"elementor-widget-container\">\n\t\t\t\t\t<h2 class=\"elementor-heading-title elementor-size-medium\">PREMIUM-RS L2 - Highlights<\/h2>\t\t\t\t<\/div>\n\t\t\t\t<\/div>\n\t\t\t\t<div class=\"elementor-element elementor-element-ab718e6 elementor-widget elementor-widget-text-editor\" data-id=\"ab718e6\" data-element_type=\"widget\" data-e-type=\"widget\" data-widget_type=\"text-editor.default\">\n\t\t\t\t<div class=\"elementor-widget-container\">\n\t\t\t\t\t\t\t\t\t<ul><li class=\"p1\">at approx. 475 g\/m\u00b2 very low weight<\/li><li class=\"p1\">excellent wearing comfort<\/li><li class=\"p1\">low pilling of the outer fabric<\/li><li class=\"p1\">attractive appearance and very good visibility\nin traffic areas<\/li><li><p class=\"p1\">Outer fabric standard treated with highly protective\nfinish, allowing up to 30 washes without\nreimpregnation<\/p><\/li><li class=\"p1\">individual design modification to customer\nspecifications<\/li><\/ul>\t\t\t\t\t\t\t\t<\/div>\n\t\t\t\t<\/div>\n\t\t\t\t<div class=\"elementor-element elementor-element-73f2ce5 elementor-widget elementor-widget-image\" data-id=\"73f2ce5\" data-element_type=\"widget\" data-e-type=\"widget\" data-widget_type=\"image.default\">\n\t\t\t\t<div class=\"elementor-widget-container\">\n\t\t\t\t\t\t\t\t\t\t\t\t\t\t\t<img fetchpriority=\"high\" decoding=\"async\" width=\"1024\" height=\"388\" src=\"https:\/\/seamtex.at\/wp-content\/uploads\/2021\/09\/Bildschirmfoto-2021-09-07-um-16.13.27.png\" class=\"attachment-large size-large wp-image-1632\" alt=\"Gewebeaufbau RS, 4-lagig\" srcset=\"https:\/\/seamtex.at\/wp-content\/uploads\/2021\/09\/Bildschirmfoto-2021-09-07-um-16.13.27.png 474w, https:\/\/seamtex.at\/wp-content\/uploads\/2021\/09\/Bildschirmfoto-2021-09-07-um-16.13.27-300x130.png 300w, https:\/\/seamtex.at\/wp-content\/uploads\/2021\/09\/Bildschirmfoto-2021-09-07-um-16.13.27-18x8.png 18w\" sizes=\"(max-width: 1024px) 100vw, 1024px\" \/>\t\t\t\t\t\t\t\t\t\t\t\t\t\t\t<\/div>\n\t\t\t\t<\/div>\n\t\t\t\t<div class=\"elementor-element elementor-element-124f3d2 elementor-widget elementor-widget-heading\" data-id=\"124f3d2\" data-element_type=\"widget\" data-e-type=\"widget\" data-widget_type=\"heading.default\">\n\t\t\t\t<div class=\"elementor-widget-container\">\n\t\t\t\t\t<h2 class=\"elementor-heading-title elementor-size-medium\">Structure PREMIUM-RS L2, 4-ply<\/h2>\t\t\t\t<\/div>\n\t\t\t\t<\/div>\n\t\t\t\t<div class=\"elementor-element elementor-element-ebe74d6 elementor-widget elementor-widget-text-editor\" data-id=\"ebe74d6\" data-element_type=\"widget\" data-e-type=\"widget\" data-widget_type=\"text-editor.default\">\n\t\t\t\t<div class=\"elementor-widget-container\">\n\t\t\t\t\t\t\t\t\t<p class=\"p1\"><b>Outer fabric:<br \/><\/b>Nomex<sup>\u00ae<\/sup> RSK, approx. 195 g\/m\u00b2<\/p><p class=\"p1\"><b>Moisture barrier:<br \/><\/b>seamTEX<sup>\u00ae<\/sup>\u00ae- PTFE-Fire-Insert 07, approx. 90 g\/m\u00b2<\/p><p class=\"p1\"><b>Thermal insulation:<br \/><\/b>seamTEX<sup>\u00ae<\/sup>- quilting RT, 2-ply,<br \/>approx. 190 g\/m\u00b2<\/p>\t\t\t\t\t\t\t\t<\/div>\n\t\t\t\t<\/div>\n\t\t\t\t\t<\/div>\n\t\t<\/div>\n\t\t\t\t<div class=\"elementor-column elementor-col-66 elementor-top-column elementor-element elementor-element-b0f1c7b\" data-id=\"b0f1c7b\" data-element_type=\"column\" data-e-type=\"column\">\n\t\t\t<div class=\"elementor-widget-wrap elementor-element-populated\">\n\t\t\t\t\t\t<div class=\"elementor-element elementor-element-c6e480d elementor-widget elementor-widget-image\" data-id=\"c6e480d\" data-element_type=\"widget\" data-e-type=\"widget\" data-widget_type=\"image.default\">\n\t\t\t\t<div class=\"elementor-widget-container\">\n\t\t\t\t\t\t\t\t\t\t\t\t\t\t\t<img decoding=\"async\" width=\"744\" height=\"1024\" src=\"https:\/\/seamtex.at\/wp-content\/uploads\/2023\/06\/PREMIUM_RS_L2_2-744x1024.jpg\" class=\"attachment-large size-large wp-image-2492\" alt=\"PREMIUM_RS_L2_2\" srcset=\"https:\/\/seamtex.at\/wp-content\/uploads\/2023\/06\/PREMIUM_RS_L2_2-744x1024.jpg 744w, https:\/\/seamtex.at\/wp-content\/uploads\/2023\/06\/PREMIUM_RS_L2_2-218x300.jpg 218w, https:\/\/seamtex.at\/wp-content\/uploads\/2023\/06\/PREMIUM_RS_L2_2-768x1058.jpg 768w, https:\/\/seamtex.at\/wp-content\/uploads\/2023\/06\/PREMIUM_RS_L2_2-9x12.jpg 9w, https:\/\/seamtex.at\/wp-content\/uploads\/2023\/06\/PREMIUM_RS_L2_2.jpg 957w\" sizes=\"(max-width: 744px) 100vw, 744px\" \/>\t\t\t\t\t\t\t\t\t\t\t\t\t\t\t<\/div>\n\t\t\t\t<\/div>\n\t\t\t\t<div class=\"elementor-element elementor-element-1c1bcb4 elementor-widget elementor-widget-image\" data-id=\"1c1bcb4\" data-element_type=\"widget\" data-e-type=\"widget\" data-widget_type=\"image.default\">\n\t\t\t\t<div class=\"elementor-widget-container\">\n\t\t\t\t\t\t\t\t\t\t\t\t\t\t\t<img decoding=\"async\" width=\"682\" height=\"1024\" src=\"https:\/\/seamtex.at\/wp-content\/uploads\/2023\/06\/PREMIUM_RS_L2_1-682x1024.jpg\" class=\"attachment-large size-large wp-image-2493\" alt=\"\" srcset=\"https:\/\/seamtex.at\/wp-content\/uploads\/2023\/06\/PREMIUM_RS_L2_1-682x1024.jpg 682w, https:\/\/seamtex.at\/wp-content\/uploads\/2023\/06\/PREMIUM_RS_L2_1-200x300.jpg 200w, https:\/\/seamtex.at\/wp-content\/uploads\/2023\/06\/PREMIUM_RS_L2_1-768x1154.jpg 768w, https:\/\/seamtex.at\/wp-content\/uploads\/2023\/06\/PREMIUM_RS_L2_1-8x12.jpg 8w, https:\/\/seamtex.at\/wp-content\/uploads\/2023\/06\/PREMIUM_RS_L2_1.jpg 908w\" sizes=\"(max-width: 682px) 100vw, 682px\" \/>\t\t\t\t\t\t\t\t\t\t\t\t\t\t\t<\/div>\n\t\t\t\t<\/div>\n\t\t\t\t\t<\/div>\n\t\t<\/div>\n\t\t\t\t\t<\/div>\n\t\t<\/section>\n\t\t\t\t<\/div>","protected":false},"excerpt":{"rendered":"<p>zu den Gr\u00f6\u00dfentabellen Beschreibung Der bei PREMIUM-RS L2 verwendete Oberstoff Nomex\u00ae RSK zeichnet sich durch seine auff\u00e4llige Optik aus und bietet durch seine hellen Farben eine ausgezeichnete Sichtbarkeit auf Verkehrsfl\u00e4chen. Schwarz eingef\u00e4rbte Kevlar\u00ae&#8211; Garne werden in Gitterstruktur in das Gewebe eingearbeitet, wobei auf eine glatte und dadurch abriebstabilere Oberfl\u00e4che geachtet wurde. Durch die strukturierte Oberfl\u00e4che&hellip;&nbsp;<a href=\"https:\/\/seamtex.at\/en\/premium-rs-l2\/\" rel=\"bookmark\">Read More &raquo;<span class=\"screen-reader-text\">PREMIUM-RS L2<\/span><\/a><\/p>","protected":false},"author":1,"featured_media":0,"parent":0,"menu_order":0,"comment_status":"closed","ping_status":"closed","template":"","meta":{"neve_meta_sidebar":"full-width","neve_meta_container":"","neve_meta_enable_content_width":"on","neve_meta_content_width":100,"neve_meta_title_alignment":"","neve_meta_author_avatar":"","neve_post_elements_order":"","neve_meta_disable_header":"","neve_meta_disable_footer":"","neve_meta_disable_title":"","neve_meta_reading_time":"","footnotes":""},"class_list":["post-1554","page","type-page","status-publish","hentry"],"yoast_head":"<!-- This site is optimized with the Yoast SEO plugin v27.3 - https:\/\/yoast.com\/product\/yoast-seo-wordpress\/ -->\n<title>PREMIUM-RS L2 \u2013 seamTEX\u00ae \u2013 wear individual<\/title>\n<meta name=\"description\" content=\"PREMIUM-RS L2 \u2013 Der Oberstoff Nomex\u00ae RSK zeichnet sich durch seine auff\u00e4llige Optik aus und bietet eine ausgezeichnete Sichtbarkeit.\" \/>\n<meta name=\"robots\" content=\"index, follow, max-snippet:-1, max-image-preview:large, max-video-preview:-1\" \/>\n<link rel=\"canonical\" href=\"https:\/\/seamtex.at\/en\/premium-rs-l2\/\" \/>\n<meta property=\"og:locale\" content=\"en_GB\" \/>\n<meta property=\"og:type\" content=\"article\" \/>\n<meta property=\"og:title\" content=\"PREMIUM-RS L2 \u2013 seamTEX\u00ae \u2013 wear individual\" \/>\n<meta property=\"og:description\" content=\"PREMIUM-RS L2 \u2013 Der Oberstoff Nomex\u00ae RSK zeichnet sich durch seine auff\u00e4llige Optik aus und bietet eine ausgezeichnete Sichtbarkeit.\" \/>\n<meta property=\"og:url\" content=\"https:\/\/seamtex.at\/en\/premium-rs-l2\/\" \/>\n<meta property=\"og:site_name\" content=\"seamtex\" \/>\n<meta property=\"article:modified_time\" content=\"2024-01-29T13:05:16+00:00\" \/>\n<meta property=\"og:image\" content=\"https:\/\/seamtex.at\/wp-content\/uploads\/2021\/06\/Bildschirmfoto-2021-06-07-um-11.29.46-1024x388.png\" \/>\n<meta name=\"twitter:card\" content=\"summary_large_image\" \/>\n<meta name=\"twitter:label1\" content=\"Estimated reading time\" \/>\n\t<meta name=\"twitter:data1\" content=\"2 minutes\" \/>\n<script type=\"application\/ld+json\" class=\"yoast-schema-graph\">{\"@context\":\"https:\\\/\\\/schema.org\",\"@graph\":[{\"@type\":\"WebPage\",\"@id\":\"https:\\\/\\\/seamtex.at\\\/premium-rs-l2\\\/\",\"url\":\"https:\\\/\\\/seamtex.at\\\/premium-rs-l2\\\/\",\"name\":\"PREMIUM-RS L2 \u2013 seamTEX\u00ae \u2013 wear individual\",\"isPartOf\":{\"@id\":\"https:\\\/\\\/seamtex.at\\\/#website\"},\"primaryImageOfPage\":{\"@id\":\"https:\\\/\\\/seamtex.at\\\/premium-rs-l2\\\/#primaryimage\"},\"image\":{\"@id\":\"https:\\\/\\\/seamtex.at\\\/premium-rs-l2\\\/#primaryimage\"},\"thumbnailUrl\":\"https:\\\/\\\/seamtex.at\\\/wp-content\\\/uploads\\\/2021\\\/06\\\/Bildschirmfoto-2021-06-07-um-11.29.46-1024x388.png\",\"datePublished\":\"2021-05-11T13:18:51+00:00\",\"dateModified\":\"2024-01-29T13:05:16+00:00\",\"description\":\"PREMIUM-RS L2 \u2013 Der Oberstoff Nomex\u00ae RSK zeichnet sich durch seine auff\u00e4llige Optik aus und bietet eine ausgezeichnete Sichtbarkeit.\",\"breadcrumb\":{\"@id\":\"https:\\\/\\\/seamtex.at\\\/premium-rs-l2\\\/#breadcrumb\"},\"inLanguage\":\"en-GB\",\"potentialAction\":[{\"@type\":\"ReadAction\",\"target\":[\"https:\\\/\\\/seamtex.at\\\/premium-rs-l2\\\/\"]}]},{\"@type\":\"ImageObject\",\"inLanguage\":\"en-GB\",\"@id\":\"https:\\\/\\\/seamtex.at\\\/premium-rs-l2\\\/#primaryimage\",\"url\":\"https:\\\/\\\/seamtex.at\\\/wp-content\\\/uploads\\\/2021\\\/06\\\/Bildschirmfoto-2021-06-07-um-11.29.46-1024x388.png\",\"contentUrl\":\"https:\\\/\\\/seamtex.at\\\/wp-content\\\/uploads\\\/2021\\\/06\\\/Bildschirmfoto-2021-06-07-um-11.29.46-1024x388.png\"},{\"@type\":\"BreadcrumbList\",\"@id\":\"https:\\\/\\\/seamtex.at\\\/premium-rs-l2\\\/#breadcrumb\",\"itemListElement\":[{\"@type\":\"ListItem\",\"position\":1,\"name\":\"Startseite\",\"item\":\"https:\\\/\\\/seamtex.at\\\/\"},{\"@type\":\"ListItem\",\"position\":2,\"name\":\"PREMIUM-RS L2\"}]},{\"@type\":\"WebSite\",\"@id\":\"https:\\\/\\\/seamtex.at\\\/#website\",\"url\":\"https:\\\/\\\/seamtex.at\\\/\",\"name\":\"seamtex\",\"description\":\"your protective clothing\",\"publisher\":{\"@id\":\"https:\\\/\\\/seamtex.at\\\/#organization\"},\"potentialAction\":[{\"@type\":\"SearchAction\",\"target\":{\"@type\":\"EntryPoint\",\"urlTemplate\":\"https:\\\/\\\/seamtex.at\\\/?s={search_term_string}\"},\"query-input\":{\"@type\":\"PropertyValueSpecification\",\"valueRequired\":true,\"valueName\":\"search_term_string\"}}],\"inLanguage\":\"en-GB\"},{\"@type\":\"Organization\",\"@id\":\"https:\\\/\\\/seamtex.at\\\/#organization\",\"name\":\"seamtex\",\"url\":\"https:\\\/\\\/seamtex.at\\\/\",\"logo\":{\"@type\":\"ImageObject\",\"inLanguage\":\"en-GB\",\"@id\":\"https:\\\/\\\/seamtex.at\\\/#\\\/schema\\\/logo\\\/image\\\/\",\"url\":\"https:\\\/\\\/seamtex.at\\\/wp-content\\\/uploads\\\/2020\\\/09\\\/seamTEX-200827_4C_small_RGB.png\",\"contentUrl\":\"https:\\\/\\\/seamtex.at\\\/wp-content\\\/uploads\\\/2020\\\/09\\\/seamTEX-200827_4C_small_RGB.png\",\"width\":1445,\"height\":343,\"caption\":\"seamtex\"},\"image\":{\"@id\":\"https:\\\/\\\/seamtex.at\\\/#\\\/schema\\\/logo\\\/image\\\/\"}}]}<\/script>\n<!-- \/ Yoast SEO plugin. -->","yoast_head_json":{"title":"PREMIUM-RS L2 \u2013 seamTEX\u00ae \u2013 wear individual","description":"PREMIUM-RS L2 \u2013 Der Oberstoff Nomex\u00ae RSK zeichnet sich durch seine auff\u00e4llige Optik aus und bietet eine ausgezeichnete Sichtbarkeit.","robots":{"index":"index","follow":"follow","max-snippet":"max-snippet:-1","max-image-preview":"max-image-preview:large","max-video-preview":"max-video-preview:-1"},"canonical":"https:\/\/seamtex.at\/en\/premium-rs-l2\/","og_locale":"en_GB","og_type":"article","og_title":"PREMIUM-RS L2 \u2013 seamTEX\u00ae \u2013 wear individual","og_description":"PREMIUM-RS L2 \u2013 Der Oberstoff Nomex\u00ae RSK zeichnet sich durch seine auff\u00e4llige Optik aus und bietet eine ausgezeichnete Sichtbarkeit.","og_url":"https:\/\/seamtex.at\/en\/premium-rs-l2\/","og_site_name":"seamtex","article_modified_time":"2024-01-29T13:05:16+00:00","og_image":[{"url":"https:\/\/seamtex.at\/wp-content\/uploads\/2021\/06\/Bildschirmfoto-2021-06-07-um-11.29.46-1024x388.png","type":"","width":"","height":""}],"twitter_card":"summary_large_image","twitter_misc":{"Estimated reading time":"2 minutes"},"schema":{"@context":"https:\/\/schema.org","@graph":[{"@type":"WebPage","@id":"https:\/\/seamtex.at\/premium-rs-l2\/","url":"https:\/\/seamtex.at\/premium-rs-l2\/","name":"PREMIUM-RS L2 \u2013 seamTEX\u00ae \u2013 wear individual","isPartOf":{"@id":"https:\/\/seamtex.at\/#website"},"primaryImageOfPage":{"@id":"https:\/\/seamtex.at\/premium-rs-l2\/#primaryimage"},"image":{"@id":"https:\/\/seamtex.at\/premium-rs-l2\/#primaryimage"},"thumbnailUrl":"https:\/\/seamtex.at\/wp-content\/uploads\/2021\/06\/Bildschirmfoto-2021-06-07-um-11.29.46-1024x388.png","datePublished":"2021-05-11T13:18:51+00:00","dateModified":"2024-01-29T13:05:16+00:00","description":"PREMIUM-RS L2 \u2013 Der Oberstoff Nomex\u00ae RSK zeichnet sich durch seine auff\u00e4llige Optik aus und bietet eine ausgezeichnete Sichtbarkeit.","breadcrumb":{"@id":"https:\/\/seamtex.at\/premium-rs-l2\/#breadcrumb"},"inLanguage":"en-GB","potentialAction":[{"@type":"ReadAction","target":["https:\/\/seamtex.at\/premium-rs-l2\/"]}]},{"@type":"ImageObject","inLanguage":"en-GB","@id":"https:\/\/seamtex.at\/premium-rs-l2\/#primaryimage","url":"https:\/\/seamtex.at\/wp-content\/uploads\/2021\/06\/Bildschirmfoto-2021-06-07-um-11.29.46-1024x388.png","contentUrl":"https:\/\/seamtex.at\/wp-content\/uploads\/2021\/06\/Bildschirmfoto-2021-06-07-um-11.29.46-1024x388.png"},{"@type":"BreadcrumbList","@id":"https:\/\/seamtex.at\/premium-rs-l2\/#breadcrumb","itemListElement":[{"@type":"ListItem","position":1,"name":"Startseite","item":"https:\/\/seamtex.at\/"},{"@type":"ListItem","position":2,"name":"PREMIUM-RS L2"}]},{"@type":"WebSite","@id":"https:\/\/seamtex.at\/#website","url":"https:\/\/seamtex.at\/","name":"seamtex","description":"your protective clothing","publisher":{"@id":"https:\/\/seamtex.at\/#organization"},"potentialAction":[{"@type":"SearchAction","target":{"@type":"EntryPoint","urlTemplate":"https:\/\/seamtex.at\/?s={search_term_string}"},"query-input":{"@type":"PropertyValueSpecification","valueRequired":true,"valueName":"search_term_string"}}],"inLanguage":"en-GB"},{"@type":"Organization","@id":"https:\/\/seamtex.at\/#organization","name":"seamtex","url":"https:\/\/seamtex.at\/","logo":{"@type":"ImageObject","inLanguage":"en-GB","@id":"https:\/\/seamtex.at\/#\/schema\/logo\/image\/","url":"https:\/\/seamtex.at\/wp-content\/uploads\/2020\/09\/seamTEX-200827_4C_small_RGB.png","contentUrl":"https:\/\/seamtex.at\/wp-content\/uploads\/2020\/09\/seamTEX-200827_4C_small_RGB.png","width":1445,"height":343,"caption":"seamtex"},"image":{"@id":"https:\/\/seamtex.at\/#\/schema\/logo\/image\/"}}]}},"_links":{"self":[{"href":"https:\/\/seamtex.at\/en\/wp-json\/wp\/v2\/pages\/1554","targetHints":{"allow":["GET"]}}],"collection":[{"href":"https:\/\/seamtex.at\/en\/wp-json\/wp\/v2\/pages"}],"about":[{"href":"https:\/\/seamtex.at\/en\/wp-json\/wp\/v2\/types\/page"}],"author":[{"embeddable":true,"href":"https:\/\/seamtex.at\/en\/wp-json\/wp\/v2\/users\/1"}],"replies":[{"embeddable":true,"href":"https:\/\/seamtex.at\/en\/wp-json\/wp\/v2\/comments?post=1554"}],"version-history":[{"count":30,"href":"https:\/\/seamtex.at\/en\/wp-json\/wp\/v2\/pages\/1554\/revisions"}],"predecessor-version":[{"id":2776,"href":"https:\/\/seamtex.at\/en\/wp-json\/wp\/v2\/pages\/1554\/revisions\/2776"}],"wp:attachment":[{"href":"https:\/\/seamtex.at\/en\/wp-json\/wp\/v2\/media?parent=1554"}],"curies":[{"name":"wp","href":"https:\/\/api.w.org\/{rel}","templated":true}]}}